{"id":1406,"date":"2022-01-22T20:42:27","date_gmt":"2022-01-22T19:42:27","guid":{"rendered":"http:\/\/lilyfraney.fr\/?page_id=1406"},"modified":"2022-02-13T19:55:19","modified_gmt":"2022-02-13T18:55:19","slug":"transfiguration-de-paris","status":"publish","type":"page","link":"https:\/\/lilyfraney.fr\/index.php\/transfiguration-de-paris\/","title":{"rendered":"Transfiguration de Paris"},"content":{"rendered":"\t\t<div data-elementor-type=\"wp-page\" data-elementor-id=\"1406\" class=\"elementor elementor-1406\" data-elementor-post-type=\"page\">\n\t\t\t\t\t\t<section class=\"elementor-section elementor-top-section elementor-element elementor-element-f67f3e7 elementor-section-boxed elementor-section-height-default elementor-section-height-default\" data-id=\"f67f3e7\" data-element_type=\"section\" data-e-type=\"section\">\n\t\t\t\t\t\t<div class=\"elementor-container elementor-column-gap-default\">\n\t\t\t\t\t<div class=\"elementor-column elementor-col-25 elementor-top-column elementor-element elementor-element-2371b1c\" data-id=\"2371b1c\" data-element_type=\"column\" data-e-type=\"column\">\n\t\t\t<div class=\"elementor-widget-wrap\">\n\t\t\t\t\t\t\t<\/div>\n\t\t<\/div>\n\t\t\t\t<div class=\"elementor-column elementor-col-50 elementor-top-column elementor-element elementor-element-73078be\" data-id=\"73078be\" data-element_type=\"column\" data-e-type=\"column\">\n\t\t\t<div class=\"elementor-widget-wrap elementor-element-populated\">\n\t\t\t\t\t\t<div class=\"elementor-element elementor-element-50cdd31 elementor-widget elementor-widget-heading\" data-id=\"50cdd31\" data-element_type=\"widget\" data-e-type=\"widget\" data-widget_type=\"heading.default\">\n\t\t\t\t<div class=\"elementor-widget-container\">\n\t\t\t\t\t<h2 class=\"elementor-heading-title elementor-size-default\">Transfiguration de paris<\/h2>\t\t\t\t<\/div>\n\t\t\t\t<\/div>\n\t\t\t\t\t<\/div>\n\t\t<\/div>\n\t\t\t\t<div class=\"elementor-column elementor-col-25 elementor-top-column elementor-element elementor-element-2f4661a\" data-id=\"2f4661a\" data-element_type=\"column\" data-e-type=\"column\">\n\t\t\t<div class=\"elementor-widget-wrap\">\n\t\t\t\t\t\t\t<\/div>\n\t\t<\/div>\n\t\t\t\t\t<\/div>\n\t\t<\/section>\n\t\t\t\t<section class=\"elementor-section elementor-top-section elementor-element elementor-element-ac0aa00 elementor-section-boxed elementor-section-height-default elementor-section-height-default\" data-id=\"ac0aa00\" data-element_type=\"section\" data-e-type=\"section\">\n\t\t\t\t\t\t<div class=\"elementor-container elementor-column-gap-default\">\n\t\t\t\t\t<div class=\"elementor-column elementor-col-25 elementor-top-column elementor-element elementor-element-06be8c8\" data-id=\"06be8c8\" data-element_type=\"column\" data-e-type=\"column\">\n\t\t\t<div class=\"elementor-widget-wrap\">\n\t\t\t\t\t\t\t<\/div>\n\t\t<\/div>\n\t\t\t\t<div class=\"elementor-column elementor-col-25 elementor-top-column elementor-element elementor-element-586a15e\" data-id=\"586a15e\" data-element_type=\"column\" data-e-type=\"column\">\n\t\t\t<div class=\"elementor-widget-wrap elementor-element-populated\">\n\t\t\t\t\t\t<div class=\"elementor-element elementor-element-f8b253b elementor-widget elementor-widget-text-editor\" data-id=\"f8b253b\" data-element_type=\"widget\" data-e-type=\"widget\" data-widget_type=\"text-editor.default\">\n\t\t\t\t<div class=\"elementor-widget-container\">\n\t\t\t\t\t\t\t\t\t<p>\u00a0<\/p><p>\u00a0<\/p><p>\u00a0<\/p><p>Le po\u00e8me de Louis Aragon \u00ab Transfiguration de Paris \u00bb commence ainsi: \u00ab Cela d\u00e9buta d\u2019une fa\u00e7on tr\u00e8s naturelle \u00bb Mes prises de vues, sous inspiration de ce po\u00e8me, commenc\u00e8rent aussi tout simplement en me conduisant, avec mon mod\u00e8le, au gr\u00e9 de notre humeur, \u00e0 arpenter des quartiers de Paris et des lieux singuliers.<\/p><p><em>Les accidents rendaient aux femmes des postures mythiques<\/em><br \/><em>Je n&rsquo;oublierai jamais la L\u00e9da de la Chauss\u00e9e d&rsquo;Antin<\/em><br \/><em>Attir\u00e9 par les clameurs des filles bless\u00e9es&#8230;<\/em><\/p><p>Extrait du po\u00e8me d\u2019Aragon Transfiguration de Paris<\/p><p>1992 &#8211; En hommage \u00e0 Louis Aragon, les photographies ont fait l\u2019objet d\u2019une projection sur grand \u00e9cran, accompagn\u00e9es d\u2019un spectacle chor\u00e9graphique et d\u2019une lecture du po\u00e8me interpr\u00e9t\u00e9 par Catherine Leforestier au Th\u00e9\u00e2tre Jean Vilar \u00e0 Vitry.<\/p>\t\t\t\t\t\t\t\t<\/div>\n\t\t\t\t<\/div>\n\t\t\t\t\t<\/div>\n\t\t<\/div>\n\t\t\t\t<div class=\"elementor-column elementor-col-25 elementor-top-column elementor-element elementor-element-8c7c215\" data-id=\"8c7c215\" data-element_type=\"column\" data-e-type=\"column\">\n\t\t\t<div class=\"elementor-widget-wrap\">\n\t\t\t\t\t\t\t<\/div>\n\t\t<\/div>\n\t\t\t\t<div class=\"elementor-column elementor-col-25 elementor-top-column elementor-element elementor-element-275aa1b\" data-id=\"275aa1b\" data-element_type=\"column\" data-e-type=\"column\">\n\t\t\t<div class=\"elementor-widget-wrap elementor-element-populated\">\n\t\t\t\t\t\t<div class=\"elementor-element elementor-element-1f48832 elementor-arrows-position-outside elementor--h-position-center elementor--v-position-middle elementor-widget elementor-widget-slides\" data-id=\"1f48832\" data-element_type=\"widget\" data-e-type=\"widget\" data-settings=\"{&quot;transition&quot;:&quot;fade&quot;,&quot;navigation&quot;:&quot;arrows&quot;,&quot;autoplay&quot;:&quot;yes&quot;,&quot;pause_on_hover&quot;:&quot;yes&quot;,&quot;pause_on_interaction&quot;:&quot;yes&quot;,&quot;autoplay_speed&quot;:5000,&quot;infinite&quot;:&quot;yes&quot;,&quot;transition_speed&quot;:500}\" data-widget_type=\"slides.default\">\n\t\t\t\t<div class=\"elementor-widget-container\">\n\t\t\t\t\t\t\t\t\t<div class=\"elementor-swiper\">\n\t\t\t\t\t<div class=\"elementor-slides-wrapper elementor-main-swiper swiper\" role=\"region\" aria-roledescription=\"carousel\" aria-label=\"Diapositives\" dir=\"ltr\" data-animation=\"fadeInUp\">\n\t\t\t\t<div class=\"swiper-wrapper elementor-slides\">\n\t\t\t\t\t\t\t\t\t\t<div class=\"elementor-repeater-item-4c30047 swiper-slide\" role=\"group\" aria-roledescription=\"slide\"><div class=\"swiper-slide-bg\" role=\"img\" aria-label=\"Balade po\u00e9tique dans Paris, portrait d&#039;une jeune femme se maquillant dans un caf\u00e9 parisien, photo extraite d&#039;une exposition inspir\u00e9e du po\u00eame &quot;Transfiguration de Paris&quot; de Louis Aragon, Paris 1992, France.\"><\/div><div class=\"swiper-slide-inner\" ><div class=\"swiper-slide-contents\"><\/div><\/div><\/div><div class=\"elementor-repeater-item-2272e1d swiper-slide\" role=\"group\" aria-roledescription=\"slide\"><div class=\"swiper-slide-bg\" role=\"img\" aria-label=\"Balade po\u00e9tique dans Paris, jeune femmes au comptoir du  caf\u00e9 &quot;La tartine&quot;, photo extraite d&#039;une exposition inspir\u00e9e du po\u00eame &quot;Transfiguration de Paris&quot; de Louis Aragon, Paris 1992, France.\"><\/div><div class=\"swiper-slide-inner\" ><div class=\"swiper-slide-contents\"><\/div><\/div><\/div><div class=\"elementor-repeater-item-0f36e8b swiper-slide\" role=\"group\" aria-roledescription=\"slide\"><div class=\"swiper-slide-bg\" role=\"img\" aria-label=\"Balade po\u00e9tique dans Paris, jeune femmes au comptoir du  caf\u00e9 &quot;La tartine&quot; fumant une cigarette, photo extraite d&#039;une exposition inspir\u00e9e du po\u00eame &quot;Transfiguration de Paris&quot; de Louis Aragon, Paris 1992, France.\"><\/div><div class=\"swiper-slide-inner\" ><div class=\"swiper-slide-contents\"><\/div><\/div><\/div><div class=\"elementor-repeater-item-80b0c76 swiper-slide\" role=\"group\" aria-roledescription=\"slide\"><div class=\"swiper-slide-bg\" role=\"img\" aria-label=\"Balade po\u00e9tique dans Paris, jeune femme se recoiffant dans le  caf\u00e9 &quot;La tartine&quot;, photo extraite d&#039;une exposition inspir\u00e9e du po\u00eame &quot;Transfiguration de Paris&quot; de Louis Aragon, Paris 1992, France.\"><\/div><div class=\"swiper-slide-inner\" ><div class=\"swiper-slide-contents\"><\/div><\/div><\/div><div class=\"elementor-repeater-item-b1f6898 swiper-slide\" role=\"group\" aria-roledescription=\"slide\"><div class=\"swiper-slide-bg\" role=\"img\" aria-label=\"Balade po\u00e9tique dans Paris, jeune femme avec un bouquet de fleurs dans un caf\u00e9 parisien, photo extraite d&#039;une exposition inspir\u00e9e du po\u00eame &quot;Transfiguration de Paris&quot; de Louis Aragon, Paris 1992, France.\"><\/div><div class=\"swiper-slide-inner\" ><div class=\"swiper-slide-contents\"><\/div><\/div><\/div><div class=\"elementor-repeater-item-a1228fe swiper-slide\" role=\"group\" aria-roledescription=\"slide\"><div class=\"swiper-slide-bg\" role=\"img\" aria-label=\"Balade po\u00e9tique dans Paris, photo extraite d&#039;une exposition inspir\u00e9e du po\u00eame &quot;Transfiguration de Paris&quot; de Louis Aragon, Paris 1992, France.\"><\/div><div class=\"swiper-slide-inner\" ><div class=\"swiper-slide-contents\"><div class=\"elementor-slide-description\">.<\/div><\/div><\/div><\/div><div class=\"elementor-repeater-item-f7aa3ef swiper-slide\" role=\"group\" aria-roledescription=\"slide\"><div class=\"swiper-slide-bg\" role=\"img\" aria-label=\"Balade po\u00e9tique dans Paris, femme devant une voiture de police, photo extraite d&#039;une exposition inspir\u00e9e du po\u00eame &quot;Transfiguration de Paris&quot; de Louis Aragon, Paris 1992, France.\"><\/div><div class=\"swiper-slide-inner\" ><div class=\"swiper-slide-contents\"><\/div><\/div><\/div><div class=\"elementor-repeater-item-c9c1685 swiper-slide\" role=\"group\" aria-roledescription=\"slide\"><div class=\"swiper-slide-bg\" role=\"img\" aria-label=\"POESIES\/TRANFIGURATION\"><\/div><div class=\"swiper-slide-inner\" ><div class=\"swiper-slide-contents\"><\/div><\/div><\/div><div class=\"elementor-repeater-item-4e34a11 swiper-slide\" role=\"group\" aria-roledescription=\"slide\"><div class=\"swiper-slide-bg\" role=\"img\" aria-label=\"POESIES\/TRANFIGURATION\"><\/div><div class=\"swiper-slide-inner\" ><div class=\"swiper-slide-contents\"><\/div><\/div><\/div><div class=\"elementor-repeater-item-669d4e9 swiper-slide\" role=\"group\" aria-roledescription=\"slide\"><div class=\"swiper-slide-bg\" role=\"img\" aria-label=\"Balade po\u00e9tique dans Paris, jeune femme dans une voiture bris\u00e9e, photo extraite d&#039;une exposition inspir\u00e9e du po\u00eame &quot;Transfiguration de Paris&quot; de Louis Aragon, Paris 1992, France.\"><\/div><div class=\"swiper-slide-inner\" ><div class=\"swiper-slide-contents\"><\/div><\/div><\/div><div class=\"elementor-repeater-item-742c2b3 swiper-slide\" role=\"group\" aria-roledescription=\"slide\"><div class=\"swiper-slide-bg\" role=\"img\" aria-label=\"Balade po\u00e9tique dans Paris, femme dans une voiture bris\u00e9e, photo extraite d&#039;une exposition inspir\u00e9e du po\u00eame &quot;Transfiguration de Paris&quot; de Louis Aragon, Paris 1992, France.\"><\/div><div class=\"swiper-slide-inner\" ><div class=\"swiper-slide-contents\"><\/div><\/div><\/div><div class=\"elementor-repeater-item-69110f0 swiper-slide\" role=\"group\" aria-roledescription=\"slide\"><div class=\"swiper-slide-bg\" role=\"img\" aria-label=\"Balade po\u00e9tique dans Paris, photo extraite d&#039;une exposition inspir\u00e9e du po\u00eame &quot;Transfiguration de Paris&quot; de Louis Aragon, Paris 1992, France.\"><\/div><div class=\"swiper-slide-inner\" ><div class=\"swiper-slide-contents\"><\/div><\/div><\/div><div class=\"elementor-repeater-item-9c3fed9 swiper-slide\" role=\"group\" aria-roledescription=\"slide\"><div class=\"swiper-slide-bg\" role=\"img\" aria-label=\"POESIES\/TRANFIGURATION\"><\/div><div class=\"swiper-slide-inner\" ><div class=\"swiper-slide-contents\"><\/div><\/div><\/div><div class=\"elementor-repeater-item-6e0030a swiper-slide\" role=\"group\" aria-roledescription=\"slide\"><div class=\"swiper-slide-bg\" role=\"img\" aria-label=\"POESIES\/TRANFIGURATION\"><\/div><div class=\"swiper-slide-inner\" ><div class=\"swiper-slide-contents\"><\/div><\/div><\/div><div class=\"elementor-repeater-item-23b1316 swiper-slide\" role=\"group\" aria-roledescription=\"slide\"><div class=\"swiper-slide-bg\" role=\"img\" aria-label=\"POESIES\/TRANFIGURATION\"><\/div><div class=\"swiper-slide-inner\" ><div class=\"swiper-slide-contents\"><\/div><\/div><\/div><div class=\"elementor-repeater-item-2cce679 swiper-slide\" role=\"group\" aria-roledescription=\"slide\"><div class=\"swiper-slide-bg\" role=\"img\" aria-label=\"Balade po\u00e9tique dans Paris, jeune femme et statue place de l&#039;Op\u00e9ra, photo extraite d&#039;une exposition inspir\u00e9e du po\u00eame &quot;Transfiguration de Paris&quot; de Louis Aragon, Paris 1992, France.\"><\/div><div class=\"swiper-slide-inner\" ><div class=\"swiper-slide-contents\"><\/div><\/div><\/div><div class=\"elementor-repeater-item-0d22365 swiper-slide\" role=\"group\" aria-roledescription=\"slide\"><div class=\"swiper-slide-bg\" role=\"img\" aria-label=\"Balade po\u00e9tique dans Paris, photo extraite d&#039;une exposition inspir\u00e9e du po\u00eame &quot;Transfiguration de Paris&quot; de Louis Aragon, Paris 1992, France.\"><\/div><div class=\"swiper-slide-inner\" ><div class=\"swiper-slide-contents\"><\/div><\/div><\/div><div class=\"elementor-repeater-item-83a1107 swiper-slide\" role=\"group\" aria-roledescription=\"slide\"><div class=\"swiper-slide-bg\" role=\"img\" aria-label=\"POESIES\/TRANFIGURATION\"><\/div><div class=\"swiper-slide-inner\" ><div class=\"swiper-slide-contents\"><\/div><\/div><\/div><div class=\"elementor-repeater-item-801272e swiper-slide\" role=\"group\" aria-roledescription=\"slide\"><div class=\"swiper-slide-bg\" role=\"img\" aria-label=\"POESIES\/TRANFIGURATION\"><\/div><div class=\"swiper-slide-inner\" ><div class=\"swiper-slide-contents\"><\/div><\/div><\/div><div class=\"elementor-repeater-item-e752b4d swiper-slide\" role=\"group\" aria-roledescription=\"slide\"><div class=\"swiper-slide-bg\" role=\"img\" aria-label=\"POESIES\/TRANFIGURATION\"><\/div><div class=\"swiper-slide-inner\" ><div class=\"swiper-slide-contents\"><\/div><\/div><\/div><div class=\"elementor-repeater-item-868e369 swiper-slide\" role=\"group\" aria-roledescription=\"slide\"><div class=\"swiper-slide-bg\" role=\"img\" aria-label=\"POESIES\/TRANFIGURATION\"><\/div><div class=\"swiper-slide-inner\" ><div class=\"swiper-slide-contents\"><\/div><\/div><\/div>\t\t\t\t<\/div>\n\t\t\t\t\t\t\t\t\t\t\t\t\t\t\t<div class=\"elementor-swiper-button elementor-swiper-button-prev\" role=\"button\" tabindex=\"0\" aria-label=\"Diapositive pr\u00e9c\u00e9dente\">\n\t\t\t\t\t\t\t<i aria-hidden=\"true\" class=\"eicon-chevron-left\"><\/i>\t\t\t\t\t\t<\/div>\n\t\t\t\t\t\t<div class=\"elementor-swiper-button elementor-swiper-button-next\" role=\"button\" tabindex=\"0\" aria-label=\"Diapositive suivante\">\n\t\t\t\t\t\t\t<i aria-hidden=\"true\" class=\"eicon-chevron-right\"><\/i>\t\t\t\t\t\t<\/div>\n\t\t\t\t\t\t\t\t\t\t\t\t\t\t\t\t\t<\/div>\n\t\t\t\t<\/div>\n\t\t\t\t\t\t\t\t<\/div>\n\t\t\t\t<\/div>\n\t\t\t\t\t<\/div>\n\t\t<\/div>\n\t\t\t\t\t<\/div>\n\t\t<\/section>\n\t\t\t\t<\/div>\n\t\t","protected":false},"excerpt":{"rendered":"<p>Transfiguration de paris \u00a0 \u00a0 \u00a0 Le po\u00e8me de Louis Aragon \u00ab Transfiguration de Paris \u00bb commence ainsi: \u00ab Cela d\u00e9buta d\u2019une fa\u00e7on tr\u00e8s naturelle \u00bb Mes prises de vues, sous inspiration de ce po\u00e8me, commenc\u00e8rent aussi tout simplement en me conduisant, avec mon mod\u00e8le, au gr\u00e9 de notre humeur, \u00e0 arpenter des quartiers de [&hellip;]<\/p>\n","protected":false},"author":1,"featured_media":0,"parent":0,"menu_order":0,"comment_status":"closed","ping_status":"closed","template":"","meta":{"footnotes":""},"class_list":["post-1406","page","type-page","status-publish","hentry"],"_links":{"self":[{"href":"https:\/\/lilyfraney.fr\/index.php\/wp-json\/wp\/v2\/pages\/1406","targetHints":{"allow":["GET"]}}],"collection":[{"href":"https:\/\/lilyfraney.fr\/index.php\/wp-json\/wp\/v2\/pages"}],"about":[{"href":"https:\/\/lilyfraney.fr\/index.php\/wp-json\/wp\/v2\/types\/page"}],"author":[{"embeddable":true,"href":"https:\/\/lilyfraney.fr\/index.php\/wp-json\/wp\/v2\/users\/1"}],"replies":[{"embeddable":true,"href":"https:\/\/lilyfraney.fr\/index.php\/wp-json\/wp\/v2\/comments?post=1406"}],"version-history":[{"count":76,"href":"https:\/\/lilyfraney.fr\/index.php\/wp-json\/wp\/v2\/pages\/1406\/revisions"}],"predecessor-version":[{"id":3287,"href":"https:\/\/lilyfraney.fr\/index.php\/wp-json\/wp\/v2\/pages\/1406\/revisions\/3287"}],"wp:attachment":[{"href":"https:\/\/lilyfraney.fr\/index.php\/wp-json\/wp\/v2\/media?parent=1406"}],"curies":[{"name":"wp","href":"https:\/\/api.w.org\/{rel}","templated":true}]}}