{"id":2069,"date":"2022-01-27T16:47:27","date_gmt":"2022-01-27T15:47:27","guid":{"rendered":"http:\/\/lilyfraney.fr\/?page_id=2069"},"modified":"2022-04-11T12:02:27","modified_gmt":"2022-04-11T10:02:27","slug":"amours-urbaines","status":"publish","type":"page","link":"https:\/\/lilyfraney.fr\/index.php\/amours-urbaines\/","title":{"rendered":"Tout dire"},"content":{"rendered":"\t\t<div data-elementor-type=\"wp-page\" data-elementor-id=\"2069\" class=\"elementor elementor-2069\" data-elementor-post-type=\"page\">\n\t\t\t\t\t\t<section class=\"elementor-section elementor-top-section elementor-element elementor-element-621ba9d elementor-section-boxed elementor-section-height-default elementor-section-height-default\" data-id=\"621ba9d\" data-element_type=\"section\" data-e-type=\"section\">\n\t\t\t\t\t\t<div class=\"elementor-container elementor-column-gap-default\">\n\t\t\t\t\t<div class=\"elementor-column elementor-col-25 elementor-top-column elementor-element elementor-element-c044ced\" data-id=\"c044ced\" data-element_type=\"column\" data-e-type=\"column\">\n\t\t\t<div class=\"elementor-widget-wrap\">\n\t\t\t\t\t\t\t<\/div>\n\t\t<\/div>\n\t\t\t\t<div class=\"elementor-column elementor-col-50 elementor-top-column elementor-element elementor-element-744172a\" data-id=\"744172a\" data-element_type=\"column\" data-e-type=\"column\">\n\t\t\t<div class=\"elementor-widget-wrap elementor-element-populated\">\n\t\t\t\t\t\t<div class=\"elementor-element elementor-element-c23cab8 elementor-widget elementor-widget-heading\" data-id=\"c23cab8\" data-element_type=\"widget\" data-e-type=\"widget\" data-widget_type=\"heading.default\">\n\t\t\t\t<div class=\"elementor-widget-container\">\n\t\t\t\t\t<h2 class=\"elementor-heading-title elementor-size-default\">Tout dire<\/h2>\t\t\t\t<\/div>\n\t\t\t\t<\/div>\n\t\t\t\t\t<\/div>\n\t\t<\/div>\n\t\t\t\t<div class=\"elementor-column elementor-col-25 elementor-top-column elementor-element elementor-element-2349bb6\" data-id=\"2349bb6\" data-element_type=\"column\" data-e-type=\"column\">\n\t\t\t<div class=\"elementor-widget-wrap\">\n\t\t\t\t\t\t\t<\/div>\n\t\t<\/div>\n\t\t\t\t\t<\/div>\n\t\t<\/section>\n\t\t\t\t<section class=\"elementor-section elementor-top-section elementor-element elementor-element-6922ac9 elementor-section-boxed elementor-section-height-default elementor-section-height-default\" data-id=\"6922ac9\" data-element_type=\"section\" data-e-type=\"section\">\n\t\t\t\t\t\t<div class=\"elementor-container elementor-column-gap-default\">\n\t\t\t\t\t<div class=\"elementor-column elementor-col-33 elementor-top-column elementor-element elementor-element-83cb1f6\" data-id=\"83cb1f6\" data-element_type=\"column\" data-e-type=\"column\">\n\t\t\t<div class=\"elementor-widget-wrap elementor-element-populated\">\n\t\t\t\t\t\t<div class=\"elementor-element elementor-element-3df4340 elementor-widget elementor-widget-text-editor\" data-id=\"3df4340\" data-element_type=\"widget\" data-e-type=\"widget\" data-widget_type=\"text-editor.default\">\n\t\t\t\t<div class=\"elementor-widget-container\">\n\t\t\t\t\t\t\t\t\t<p>\u00a0<\/p><p>\u00a0<\/p><p>\u00a0<\/p><p>\u00a0<\/p><p>J\u2019ai eu une commande pour r\u00e9aliser une exposition sur le th\u00e8me de l\u2019architecture innovante d\u2019une cit\u00e9 du Val-de-Marne. Comme j\u2019avais carte blanche, cette commande a \u00e9t\u00e9 pour moi l\u2019occasion de travailler sur un th\u00e8me po\u00e9tique en m\u2019appuyant sur le po\u00e8me de Paul Eluard \u00ab Pouvoir tout dire \u00bb et en suivant un couple qui se cherche dans la cit\u00e9.<\/p><p>Ces photographies accompagn\u00e9es d\u2019un extrait du po\u00e8me de Paul Eluard ont \u00e9t\u00e9 \u00e0 la source d&rsquo;une installation pour un \u00e9v\u00e8nementiel pour \u2018L\u2019Agence Centrale de Publicit\u00e9 \u00e0 la f\u00eate de l\u2019Humanit\u00e9 1992.<\/p><p>\u00ab\u00a0Le tout est de tout dire, et je manque de mots<br \/>Et je manque de temps, et je manque d&rsquo;audace<br \/>Je r\u00eave et je d\u00e9vide au hasard mes images<br \/>J&rsquo;ai mal v\u00e9cu, et mal appris \u00e0 parler clair\u00a0\u00bb.<\/p><p>Extrait du po\u00e8me Pouvoir tout dire de <strong>Paul \u00c9luard<\/strong><\/p><p>\u00a0 <\/p>\t\t\t\t\t\t\t\t<\/div>\n\t\t\t\t<\/div>\n\t\t\t\t\t<\/div>\n\t\t<\/div>\n\t\t\t\t<div class=\"elementor-column elementor-col-33 elementor-top-column elementor-element elementor-element-c9a215a\" data-id=\"c9a215a\" data-element_type=\"column\" data-e-type=\"column\">\n\t\t\t<div class=\"elementor-widget-wrap\">\n\t\t\t\t\t\t\t<\/div>\n\t\t<\/div>\n\t\t\t\t<div class=\"elementor-column elementor-col-33 elementor-top-column elementor-element elementor-element-4d3bdcb\" data-id=\"4d3bdcb\" data-element_type=\"column\" data-e-type=\"column\">\n\t\t\t<div class=\"elementor-widget-wrap elementor-element-populated\">\n\t\t\t\t\t\t<div class=\"elementor-element elementor-element-d277744 elementor-arrows-position-outside elementor--h-position-center elementor--v-position-middle elementor-widget elementor-widget-slides\" data-id=\"d277744\" data-element_type=\"widget\" data-e-type=\"widget\" data-settings=\"{&quot;navigation&quot;:&quot;arrows&quot;,&quot;transition&quot;:&quot;fade&quot;,&quot;autoplay&quot;:&quot;yes&quot;,&quot;pause_on_hover&quot;:&quot;yes&quot;,&quot;pause_on_interaction&quot;:&quot;yes&quot;,&quot;autoplay_speed&quot;:5000,&quot;infinite&quot;:&quot;yes&quot;,&quot;transition_speed&quot;:500}\" data-widget_type=\"slides.default\">\n\t\t\t\t<div class=\"elementor-widget-container\">\n\t\t\t\t\t\t\t\t\t<div class=\"elementor-swiper\">\n\t\t\t\t\t<div class=\"elementor-slides-wrapper elementor-main-swiper swiper\" role=\"region\" aria-roledescription=\"carousel\" aria-label=\"Diapositives\" dir=\"ltr\" data-animation=\"fadeInUp\">\n\t\t\t\t<div class=\"swiper-wrapper elementor-slides\">\n\t\t\t\t\t\t\t\t\t\t<div class=\"elementor-repeater-item-d9045d2 swiper-slide\" role=\"group\" aria-roledescription=\"slide\"><div class=\"swiper-slide-bg\" role=\"img\" aria-label=\"Couple dans une cit\u00e9 du Val-de-Marne, Villejuif 1992. Photo extraite d&#039;une exposition &quot;Histoire d&#039;amour&quot; inspir\u00e9e du po\u00eame &quot;Tout dire&quot; de Paul Elouard.\"><\/div><div class=\"swiper-slide-inner\" ><div class=\"swiper-slide-contents\"><\/div><\/div><\/div><div class=\"elementor-repeater-item-9c19b53 swiper-slide\" role=\"group\" aria-roledescription=\"slide\"><div class=\"swiper-slide-bg\" role=\"img\" aria-label=\"Couple dans une cit\u00e9 du Val-de-Marne, Villejuif 1992. Photo extraite d&#039;une exposition &quot;Histoire d&#039;amour&quot; inspir\u00e9e du po\u00eame &quot;Tout dire&quot; de Paul Elouard.\"><\/div><div class=\"swiper-slide-inner\" ><div class=\"swiper-slide-contents\"><\/div><\/div><\/div><div class=\"elementor-repeater-item-7d99b4e swiper-slide\" role=\"group\" aria-roledescription=\"slide\"><div class=\"swiper-slide-bg\" role=\"img\" aria-label=\"POESIES\/HISTOIRE D&#039;AMOUR\"><\/div><div class=\"swiper-slide-inner\" ><div class=\"swiper-slide-contents\"><\/div><\/div><\/div><div class=\"elementor-repeater-item-1274341 swiper-slide\" role=\"group\" aria-roledescription=\"slide\"><div class=\"swiper-slide-bg\" role=\"img\" aria-label=\"Couple dans une cit\u00e9 du Val-de-Marne, Villejuif 1992. Photo extraite d&#039;une exposition &quot;Histoire d&#039;amour&quot; inspir\u00e9e du po\u00eame &quot;Tout dire&quot; de Paul Elouard.\"><\/div><div class=\"swiper-slide-inner\" ><div class=\"swiper-slide-contents\"><\/div><\/div><\/div><div class=\"elementor-repeater-item-9e153a4 swiper-slide\" role=\"group\" aria-roledescription=\"slide\"><div class=\"swiper-slide-bg\" role=\"img\" aria-label=\"Poe\u0301sie 012vg\"><\/div><div class=\"swiper-slide-inner\" ><div class=\"swiper-slide-contents\"><\/div><\/div><\/div><div class=\"elementor-repeater-item-3227f08 swiper-slide\" role=\"group\" aria-roledescription=\"slide\"><div class=\"swiper-slide-bg\" role=\"img\" aria-label=\"Couple dans une cit\u00e9 du Val-de-Marne, Villejuif 1992. Photo extraite d&#039;une exposition &quot;Histoire d&#039;amour&quot; inspir\u00e9e du po\u00eame &quot;Tout dire&quot; de Paul Elouard.\"><\/div><div class=\"swiper-slide-inner\" ><div class=\"swiper-slide-contents\"><\/div><\/div><\/div><div class=\"elementor-repeater-item-03f8878 swiper-slide\" role=\"group\" aria-roledescription=\"slide\"><div class=\"swiper-slide-bg\" role=\"img\" aria-label=\"Jeune femme sautant dans une cit\u00e9 du Val-de-Marne, Villejuif 1992. Photo extraite d&#039;une exposition &quot;Histoire d&#039;amour&quot; inspir\u00e9e du po\u00eame &quot;Tout dire&quot; de Paul Elouard.\"><\/div><div class=\"swiper-slide-inner\" ><div class=\"swiper-slide-contents\"><\/div><\/div><\/div><div class=\"elementor-repeater-item-32647f9 swiper-slide\" role=\"group\" aria-roledescription=\"slide\"><div class=\"swiper-slide-bg\" role=\"img\" aria-label=\"POESIES\/HISTOIRE D&#039;AMOUR\"><\/div><div class=\"swiper-slide-inner\" ><div class=\"swiper-slide-contents\"><\/div><\/div><\/div><div class=\"elementor-repeater-item-f864c70 swiper-slide\" role=\"group\" aria-roledescription=\"slide\"><div class=\"swiper-slide-bg\" role=\"img\" aria-label=\"Jeune femme courant dans une cit\u00e9 du Val-de-Marne, Villejuif 1992. Photo extraite d&#039;une exposition &quot;Histoire d&#039;amour&quot; inspir\u00e9e du po\u00eame &quot;Tout dire&quot; de Paul Elouard.\"><\/div><div class=\"swiper-slide-inner\" ><div class=\"swiper-slide-contents\"><div  class=\"elementor-button elementor-slide-button elementor-size-sm\"> <\/div><\/div><\/div><\/div><div class=\"elementor-repeater-item-f24d380 swiper-slide\" role=\"group\" aria-roledescription=\"slide\"><div class=\"swiper-slide-bg\" role=\"img\" aria-label=\"Femme et son ombre dans une cit\u00e9 du Val de Marne, photo extraite d&#039;une exposition &quot;Histoire d&#039;amour&quot; inspir\u00e9e du po\u00e9me &quot;Tout dire&quot; de paul Eluard. Villejuif 1992. France\"><\/div><div class=\"swiper-slide-inner\" ><div class=\"swiper-slide-contents\"><\/div><\/div><\/div><div class=\"elementor-repeater-item-ecb1637 swiper-slide\" role=\"group\" aria-roledescription=\"slide\"><div class=\"swiper-slide-bg\" role=\"img\" aria-label=\"Jeune homme courant dans une cit\u00e9 du Val-de-Marne, Villejuif 1992. Photo extraite d&#039;une exposition &quot;Histoire d&#039;amour&quot; inspir\u00e9e du po\u00eame &quot;Tout dire&quot; de Paul Elouard.\"><\/div><div class=\"swiper-slide-inner\" ><div class=\"swiper-slide-contents\"><\/div><\/div><\/div><div class=\"elementor-repeater-item-7aa11fb swiper-slide\" role=\"group\" aria-roledescription=\"slide\"><div class=\"swiper-slide-bg\" role=\"img\" aria-label=\"Couple dans une cit\u00e9 du Val-de-Marne, Villejuif 1992. Photo extraite d&#039;une exposition &quot;Histoire d&#039;amour&quot; inspir\u00e9e du po\u00eame &quot;Tout dire&quot; de Paul Elouard.\"><\/div><div class=\"swiper-slide-inner\" ><div class=\"swiper-slide-contents\"><\/div><\/div><\/div><div class=\"elementor-repeater-item-4e61b1f swiper-slide\" role=\"group\" aria-roledescription=\"slide\"><div class=\"swiper-slide-bg\" role=\"img\" aria-label=\"POESIES\/HISTOIRE D&#039;AMOUR\"><\/div><div class=\"swiper-slide-inner\" ><div class=\"swiper-slide-contents\"><\/div><\/div><\/div><div class=\"elementor-repeater-item-73ab6e0 swiper-slide\" role=\"group\" aria-roledescription=\"slide\"><div class=\"swiper-slide-bg\" role=\"img\" aria-label=\"POESIES\/HISTOIRE D&#039;AMOUR\"><\/div><div class=\"swiper-slide-inner\" ><div class=\"swiper-slide-contents\"><\/div><\/div><\/div><div class=\"elementor-repeater-item-c0c9973 swiper-slide\" role=\"group\" aria-roledescription=\"slide\"><div class=\"swiper-slide-bg\" role=\"img\" aria-label=\"Couple dans une cit\u00e9 du Val-de-Marne, Villejuif 1992. Photo extraite d&#039;une exposition &quot;Histoire d&#039;amour&quot; inspir\u00e9e du po\u00eame &quot;Tout dire&quot; de Paul Elouard.\"><\/div><div class=\"swiper-slide-inner\" ><div class=\"swiper-slide-contents\"><\/div><\/div><\/div>\t\t\t\t<\/div>\n\t\t\t\t\t\t\t\t\t\t\t\t\t\t\t<div class=\"elementor-swiper-button elementor-swiper-button-prev\" role=\"button\" tabindex=\"0\" aria-label=\"Diapositive pr\u00e9c\u00e9dente\">\n\t\t\t\t\t\t\t<i aria-hidden=\"true\" class=\"eicon-chevron-left\"><\/i>\t\t\t\t\t\t<\/div>\n\t\t\t\t\t\t<div class=\"elementor-swiper-button elementor-swiper-button-next\" role=\"button\" tabindex=\"0\" aria-label=\"Diapositive suivante\">\n\t\t\t\t\t\t\t<i aria-hidden=\"true\" class=\"eicon-chevron-right\"><\/i>\t\t\t\t\t\t<\/div>\n\t\t\t\t\t\t\t\t\t\t\t\t\t\t\t\t\t<\/div>\n\t\t\t\t<\/div>\n\t\t\t\t\t\t\t\t<\/div>\n\t\t\t\t<\/div>\n\t\t\t\t\t<\/div>\n\t\t<\/div>\n\t\t\t\t\t<\/div>\n\t\t<\/section>\n\t\t\t\t<\/div>\n\t\t","protected":false},"excerpt":{"rendered":"<p>Tout dire \u00a0 \u00a0 \u00a0 \u00a0 J\u2019ai eu une commande pour r\u00e9aliser une exposition sur le th\u00e8me de l\u2019architecture innovante d\u2019une cit\u00e9 du Val-de-Marne. Comme j\u2019avais carte blanche, cette commande a \u00e9t\u00e9 pour moi l\u2019occasion de travailler sur un th\u00e8me po\u00e9tique en m\u2019appuyant sur le po\u00e8me de Paul Eluard \u00ab Pouvoir tout dire \u00bb et [&hellip;]<\/p>\n","protected":false},"author":1,"featured_media":0,"parent":0,"menu_order":0,"comment_status":"closed","ping_status":"closed","template":"","meta":{"footnotes":""},"class_list":["post-2069","page","type-page","status-publish","hentry"],"_links":{"self":[{"href":"https:\/\/lilyfraney.fr\/index.php\/wp-json\/wp\/v2\/pages\/2069","targetHints":{"allow":["GET"]}}],"collection":[{"href":"https:\/\/lilyfraney.fr\/index.php\/wp-json\/wp\/v2\/pages"}],"about":[{"href":"https:\/\/lilyfraney.fr\/index.php\/wp-json\/wp\/v2\/types\/page"}],"author":[{"embeddable":true,"href":"https:\/\/lilyfraney.fr\/index.php\/wp-json\/wp\/v2\/users\/1"}],"replies":[{"embeddable":true,"href":"https:\/\/lilyfraney.fr\/index.php\/wp-json\/wp\/v2\/comments?post=2069"}],"version-history":[{"count":74,"href":"https:\/\/lilyfraney.fr\/index.php\/wp-json\/wp\/v2\/pages\/2069\/revisions"}],"predecessor-version":[{"id":4402,"href":"https:\/\/lilyfraney.fr\/index.php\/wp-json\/wp\/v2\/pages\/2069\/revisions\/4402"}],"wp:attachment":[{"href":"https:\/\/lilyfraney.fr\/index.php\/wp-json\/wp\/v2\/media?parent=2069"}],"curies":[{"name":"wp","href":"https:\/\/api.w.org\/{rel}","templated":true}]}}