{"id":4426,"date":"2022-05-24T15:53:13","date_gmt":"2022-05-24T13:53:13","guid":{"rendered":"https:\/\/lilyfraney.fr\/?page_id=4426"},"modified":"2022-05-27T09:36:08","modified_gmt":"2022-05-27T07:36:08","slug":"labecedire","status":"publish","type":"page","link":"https:\/\/lilyfraney.fr\/index.php\/labecedire\/","title":{"rendered":"L&rsquo;ab\u00e9c\u00e9dire"},"content":{"rendered":"\t\t<div data-elementor-type=\"wp-page\" data-elementor-id=\"4426\" class=\"elementor elementor-4426\" data-elementor-post-type=\"page\">\n\t\t\t\t\t\t<section class=\"elementor-section elementor-top-section elementor-element elementor-element-4c820b9 elementor-section-boxed elementor-section-height-default elementor-section-height-default\" data-id=\"4c820b9\" data-element_type=\"section\" data-e-type=\"section\">\n\t\t\t\t\t\t<div class=\"elementor-container elementor-column-gap-default\">\n\t\t\t\t\t<div class=\"elementor-column elementor-col-33 elementor-top-column elementor-element elementor-element-aa8d03c\" data-id=\"aa8d03c\" data-element_type=\"column\" data-e-type=\"column\">\n\t\t\t<div class=\"elementor-widget-wrap\">\n\t\t\t\t\t\t\t<\/div>\n\t\t<\/div>\n\t\t\t\t<div class=\"elementor-column elementor-col-33 elementor-top-column elementor-element elementor-element-a97e003\" data-id=\"a97e003\" data-element_type=\"column\" data-e-type=\"column\">\n\t\t\t<div class=\"elementor-widget-wrap elementor-element-populated\">\n\t\t\t\t\t\t<div class=\"elementor-element elementor-element-3557664 elementor-widget elementor-widget-heading\" data-id=\"3557664\" data-element_type=\"widget\" data-e-type=\"widget\" data-widget_type=\"heading.default\">\n\t\t\t\t<div class=\"elementor-widget-container\">\n\t\t\t\t\t<h2 class=\"elementor-heading-title elementor-size-default\">R\u00e9\u00e9dition de\nL'AB\u00c9C\u00c9DiRE<\/h2>\t\t\t\t<\/div>\n\t\t\t\t<\/div>\n\t\t\t\t\t<\/div>\n\t\t<\/div>\n\t\t\t\t<div class=\"elementor-column elementor-col-33 elementor-top-column elementor-element elementor-element-61470d0\" data-id=\"61470d0\" data-element_type=\"column\" data-e-type=\"column\">\n\t\t\t<div class=\"elementor-widget-wrap\">\n\t\t\t\t\t\t\t<\/div>\n\t\t<\/div>\n\t\t\t\t\t<\/div>\n\t\t<\/section>\n\t\t\t\t<section class=\"elementor-section elementor-top-section elementor-element elementor-element-29c1c3d elementor-section-boxed elementor-section-height-default elementor-section-height-default\" data-id=\"29c1c3d\" data-element_type=\"section\" data-e-type=\"section\">\n\t\t\t\t\t\t<div class=\"elementor-container elementor-column-gap-default\">\n\t\t\t\t\t<div class=\"elementor-column elementor-col-33 elementor-top-column elementor-element elementor-element-7338992\" data-id=\"7338992\" data-element_type=\"column\" data-e-type=\"column\">\n\t\t\t<div class=\"elementor-widget-wrap elementor-element-populated\">\n\t\t\t\t\t\t<div class=\"elementor-element elementor-element-0fbb767 elementor-widget elementor-widget-image\" data-id=\"0fbb767\" data-element_type=\"widget\" data-e-type=\"widget\" data-widget_type=\"image.default\">\n\t\t\t\t<div class=\"elementor-widget-container\">\n\t\t\t\t\t\t\t\t\t\t\t\t\t\t\t\t<a href=\"https:\/\/lilyfraney.fr\/index.php\/labecedire\/\">\n\t\t\t\t\t\t\t<img fetchpriority=\"high\" decoding=\"async\" width=\"800\" height=\"603\" src=\"https:\/\/lilyfraney.fr\/wp-content\/uploads\/2022\/05\/ABC-recto-1358x1024.jpg\" class=\"attachment-large size-large wp-image-4408\" alt=\"\" srcset=\"https:\/\/lilyfraney.fr\/wp-content\/uploads\/2022\/05\/ABC-recto-1358x1024.jpg 1358w, https:\/\/lilyfraney.fr\/wp-content\/uploads\/2022\/05\/ABC-recto-398x300.jpg 398w, https:\/\/lilyfraney.fr\/wp-content\/uploads\/2022\/05\/ABC-recto-200x150.jpg 200w, https:\/\/lilyfraney.fr\/wp-content\/uploads\/2022\/05\/ABC-recto-768x579.jpg 768w, https:\/\/lilyfraney.fr\/wp-content\/uploads\/2022\/05\/ABC-recto-1536x1158.jpg 1536w, https:\/\/lilyfraney.fr\/wp-content\/uploads\/2022\/05\/ABC-recto-2048x1544.jpg 2048w\" sizes=\"(max-width: 800px) 100vw, 800px\" \/>\t\t\t\t\t\t\t\t<\/a>\n\t\t\t\t\t\t\t\t\t\t\t\t\t\t\t<\/div>\n\t\t\t\t<\/div>\n\t\t\t\t\t<\/div>\n\t\t<\/div>\n\t\t\t\t<div class=\"elementor-column elementor-col-33 elementor-top-column elementor-element elementor-element-3711ae0\" data-id=\"3711ae0\" data-element_type=\"column\" data-e-type=\"column\">\n\t\t\t<div class=\"elementor-widget-wrap elementor-element-populated\">\n\t\t\t\t\t\t<div class=\"elementor-element elementor-element-fc84d0a elementor-widget elementor-widget-image\" data-id=\"fc84d0a\" data-element_type=\"widget\" data-e-type=\"widget\" data-widget_type=\"image.default\">\n\t\t\t\t<div class=\"elementor-widget-container\">\n\t\t\t\t\t\t\t\t\t\t\t\t\t\t\t<img decoding=\"async\" src=\"https:\/\/lilyfraney.fr\/wp-content\/uploads\/2022\/05\/Pre\u0301sentation-scaled.jpg\" title=\"\" alt=\"\" loading=\"lazy\" \/>\t\t\t\t\t\t\t\t\t\t\t\t\t\t\t<\/div>\n\t\t\t\t<\/div>\n\t\t\t\t<div class=\"elementor-element elementor-element-e2114e4 elementor-widget elementor-widget-text-editor\" data-id=\"e2114e4\" data-element_type=\"widget\" data-e-type=\"widget\" data-widget_type=\"text-editor.default\">\n\t\t\t\t<div class=\"elementor-widget-container\">\n\t\t\t\t\t\t\t\t\t<p>Toutes les photographies illustrant L&rsquo;AB\u00c9C\u00c9DiRE sont extraites des expositions de Lily Franey Tout-petits et Les enfants ont des droits.<\/p>\t\t\t\t\t\t\t\t<\/div>\n\t\t\t\t<\/div>\n\t\t\t\t\t<\/div>\n\t\t<\/div>\n\t\t\t\t<div class=\"elementor-column elementor-col-33 elementor-top-column elementor-element elementor-element-950cfc6\" data-id=\"950cfc6\" data-element_type=\"column\" data-e-type=\"column\">\n\t\t\t<div class=\"elementor-widget-wrap elementor-element-populated\">\n\t\t\t\t\t\t<div class=\"elementor-element elementor-element-fd51dca elementor-widget elementor-widget-image\" data-id=\"fd51dca\" data-element_type=\"widget\" data-e-type=\"widget\" data-widget_type=\"image.default\">\n\t\t\t\t<div class=\"elementor-widget-container\">\n\t\t\t\t\t\t\t\t\t\t\t\t<figure class=\"wp-caption\">\n\t\t\t\t\t\t\t\t\t\t\t<a href=\"https:\/\/lilyfraney.fr\/index.php\/tout-petit\/\">\n\t\t\t\t\t\t\t<img decoding=\"async\" width=\"800\" height=\"529\" src=\"https:\/\/lilyfraney.fr\/wp-content\/uploads\/2022\/01\/ballon.jpg\" class=\"attachment-large size-large wp-image-594\" alt=\"\" srcset=\"https:\/\/lilyfraney.fr\/wp-content\/uploads\/2022\/01\/ballon.jpg 1200w, https:\/\/lilyfraney.fr\/wp-content\/uploads\/2022\/01\/ballon-450x298.jpg 450w, https:\/\/lilyfraney.fr\/wp-content\/uploads\/2022\/01\/ballon-768x508.jpg 768w\" sizes=\"(max-width: 800px) 100vw, 800px\" \/>\t\t\t\t\t\t\t\t<\/a>\n\t\t\t\t\t\t\t\t\t\t\t<figcaption class=\"widget-image-caption wp-caption-text\">Tout-petits<\/figcaption>\n\t\t\t\t\t\t\t\t\t\t<\/figure>\n\t\t\t\t\t\t\t\t\t<\/div>\n\t\t\t\t<\/div>\n\t\t\t\t<div class=\"elementor-element elementor-element-743f357 elementor-widget elementor-widget-image\" data-id=\"743f357\" data-element_type=\"widget\" data-e-type=\"widget\" data-widget_type=\"image.default\">\n\t\t\t\t<div class=\"elementor-widget-container\">\n\t\t\t\t\t\t\t\t\t\t\t\t<figure class=\"wp-caption\">\n\t\t\t\t\t\t\t\t\t\t\t<a href=\"https:\/\/lilyfraney.fr\/index.php\/modele\/\">\n\t\t\t\t\t\t\t<img decoding=\"async\" width=\"800\" height=\"532\" src=\"https:\/\/lilyfraney.fr\/wp-content\/uploads\/2022\/01\/Rire-cuba.png\" class=\"attachment-large size-large wp-image-593\" alt=\"\" srcset=\"https:\/\/lilyfraney.fr\/wp-content\/uploads\/2022\/01\/Rire-cuba.png 1200w, https:\/\/lilyfraney.fr\/wp-content\/uploads\/2022\/01\/Rire-cuba-450x300.png 450w, https:\/\/lilyfraney.fr\/wp-content\/uploads\/2022\/01\/Rire-cuba-768x511.png 768w\" sizes=\"(max-width: 800px) 100vw, 800px\" \/>\t\t\t\t\t\t\t\t<\/a>\n\t\t\t\t\t\t\t\t\t\t\t<figcaption class=\"widget-image-caption wp-caption-text\">Les enfants ont des droits<\/figcaption>\n\t\t\t\t\t\t\t\t\t\t<\/figure>\n\t\t\t\t\t\t\t\t\t<\/div>\n\t\t\t\t<\/div>\n\t\t\t\t\t<\/div>\n\t\t<\/div>\n\t\t\t\t\t<\/div>\n\t\t<\/section>\n\t\t\t\t<section class=\"elementor-section elementor-top-section elementor-element elementor-element-960618b elementor-section-boxed elementor-section-height-default elementor-section-height-default\" data-id=\"960618b\" data-element_type=\"section\" data-e-type=\"section\">\n\t\t\t\t\t\t<div class=\"elementor-container elementor-column-gap-default\">\n\t\t\t\t\t<div class=\"elementor-column elementor-col-33 elementor-top-column elementor-element elementor-element-bf361f0\" data-id=\"bf361f0\" data-element_type=\"column\" data-e-type=\"column\">\n\t\t\t<div class=\"elementor-widget-wrap elementor-element-populated\">\n\t\t\t\t\t\t<div class=\"elementor-element elementor-element-7a7760b elementor-widget elementor-widget-text-editor\" data-id=\"7a7760b\" data-element_type=\"widget\" data-e-type=\"widget\" data-widget_type=\"text-editor.default\">\n\t\t\t\t<div class=\"elementor-widget-container\">\n\t\t\t\t\t\t\t\t\t<p><strong>LAURENCE LE GUEN <\/strong>Dans son ouvrage<strong><br \/>cent cinquante ans de photolitt\u00e9rature pour les enfants<br \/><\/strong>aborde L&rsquo;ABC\u00c9DiRE comme un ouvrage original ou collaborent \u00e9crivain, photographe et graphiste.<br \/>Plus de vingt ans ont pass\u00e9 et le L&rsquo;AB\u00c9C\u00c9DiRE n&rsquo;a pas vieilli, son succ\u00e8s ne s&rsquo;est jamais d\u00e9menti.<br \/>Cette r\u00e9\u00e9dition va r\u00e9pondre \u00e0 la demande de parents, d&rsquo;enseignants de nouvelles g\u00e9n\u00e9rations.<\/p>\t\t\t\t\t\t\t\t<\/div>\n\t\t\t\t<\/div>\n\t\t\t\t\t<\/div>\n\t\t<\/div>\n\t\t\t\t<div class=\"elementor-column elementor-col-33 elementor-top-column elementor-element elementor-element-0a18a58\" data-id=\"0a18a58\" data-element_type=\"column\" data-e-type=\"column\">\n\t\t\t<div class=\"elementor-widget-wrap elementor-element-populated\">\n\t\t\t\t\t\t<div class=\"elementor-element elementor-element-b8d8556 elementor-widget elementor-widget-image\" data-id=\"b8d8556\" data-element_type=\"widget\" data-e-type=\"widget\" data-widget_type=\"image.default\">\n\t\t\t\t<div class=\"elementor-widget-container\">\n\t\t\t\t\t\t\t\t\t\t\t\t<figure class=\"wp-caption\">\n\t\t\t\t\t\t\t\t\t\t\t<a href=\"https:\/\/miniphlit.hypotheses.org\/974\">\n\t\t\t\t\t\t\t<img loading=\"lazy\" decoding=\"async\" width=\"474\" height=\"254\" src=\"https:\/\/lilyfraney.fr\/wp-content\/uploads\/2022\/05\/Capture-de\u0301cran-2022-05-26-a\u0300-20.38.23.png\" class=\"attachment-large size-large wp-image-4861\" alt=\"\" srcset=\"https:\/\/lilyfraney.fr\/wp-content\/uploads\/2022\/05\/Capture-de\u0301cran-2022-05-26-a\u0300-20.38.23.png 474w, https:\/\/lilyfraney.fr\/wp-content\/uploads\/2022\/05\/Capture-de\u0301cran-2022-05-26-a\u0300-20.38.23-450x241.png 450w\" sizes=\"(max-width: 474px) 100vw, 474px\" \/>\t\t\t\t\t\t\t\t<\/a>\n\t\t\t\t\t\t\t\t\t\t\t<figcaption class=\"widget-image-caption wp-caption-text\">MINIPHFLIT accueille Lily Franey<\/figcaption>\n\t\t\t\t\t\t\t\t\t\t<\/figure>\n\t\t\t\t\t\t\t\t\t<\/div>\n\t\t\t\t<\/div>\n\t\t\t\t\t<\/div>\n\t\t<\/div>\n\t\t\t\t<div class=\"elementor-column elementor-col-33 elementor-top-column elementor-element elementor-element-b00a7a2\" data-id=\"b00a7a2\" data-element_type=\"column\" data-e-type=\"column\">\n\t\t\t<div class=\"elementor-widget-wrap\">\n\t\t\t\t\t\t\t<\/div>\n\t\t<\/div>\n\t\t\t\t\t<\/div>\n\t\t<\/section>\n\t\t\t\t<section class=\"elementor-section elementor-top-section elementor-element elementor-element-abf5c62 elementor-section-boxed elementor-section-height-default elementor-section-height-default\" data-id=\"abf5c62\" data-element_type=\"section\" data-e-type=\"section\">\n\t\t\t\t\t\t<div class=\"elementor-container elementor-column-gap-default\">\n\t\t\t\t\t<div class=\"elementor-column elementor-col-33 elementor-top-column elementor-element elementor-element-3523ae7\" data-id=\"3523ae7\" data-element_type=\"column\" data-e-type=\"column\">\n\t\t\t<div class=\"elementor-widget-wrap elementor-element-populated\">\n\t\t\t\t\t\t<div class=\"elementor-element elementor-element-cdc3e8a elementor-widget elementor-widget-image\" data-id=\"cdc3e8a\" data-element_type=\"widget\" data-e-type=\"widget\" data-widget_type=\"image.default\">\n\t\t\t\t<div class=\"elementor-widget-container\">\n\t\t\t\t\t\t\t\t\t\t\t\t\t\t\t\t<a href=\"http:\/\/www.editions-memo.fr\/livre\/150-ans-de-photolitterature-pour-les-enfants\/\">\n\t\t\t\t\t\t\t<img loading=\"lazy\" decoding=\"async\" width=\"800\" height=\"957\" src=\"https:\/\/lilyfraney.fr\/wp-content\/uploads\/2022\/05\/150-ans-856x1024.jpg\" class=\"attachment-large size-large wp-image-4450\" alt=\"\" srcset=\"https:\/\/lilyfraney.fr\/wp-content\/uploads\/2022\/05\/150-ans-856x1024.jpg 856w, https:\/\/lilyfraney.fr\/wp-content\/uploads\/2022\/05\/150-ans-251x300.jpg 251w, https:\/\/lilyfraney.fr\/wp-content\/uploads\/2022\/05\/150-ans-768x919.jpg 768w, https:\/\/lilyfraney.fr\/wp-content\/uploads\/2022\/05\/150-ans-1284x1536.jpg 1284w, https:\/\/lilyfraney.fr\/wp-content\/uploads\/2022\/05\/150-ans-1712x2048.jpg 1712w\" sizes=\"(max-width: 800px) 100vw, 800px\" \/>\t\t\t\t\t\t\t\t<\/a>\n\t\t\t\t\t\t\t\t\t\t\t\t\t\t\t<\/div>\n\t\t\t\t<\/div>\n\t\t\t\t\t<\/div>\n\t\t<\/div>\n\t\t\t\t<div class=\"elementor-column elementor-col-33 elementor-top-column elementor-element elementor-element-9b47ac7\" data-id=\"9b47ac7\" data-element_type=\"column\" data-e-type=\"column\">\n\t\t\t<div class=\"elementor-widget-wrap elementor-element-populated\">\n\t\t\t\t\t\t<div class=\"elementor-element elementor-element-c0f7cbd elementor-widget elementor-widget-image\" data-id=\"c0f7cbd\" data-element_type=\"widget\" data-e-type=\"widget\" data-widget_type=\"image.default\">\n\t\t\t\t<div class=\"elementor-widget-container\">\n\t\t\t\t\t\t\t\t\t\t\t\t\t\t\t<img loading=\"lazy\" decoding=\"async\" width=\"800\" height=\"551\" src=\"https:\/\/lilyfraney.fr\/wp-content\/uploads\/2022\/05\/ABC-texte-LaurenceR-1488x1024.jpg\" class=\"attachment-large size-large wp-image-4449\" alt=\"\" srcset=\"https:\/\/lilyfraney.fr\/wp-content\/uploads\/2022\/05\/ABC-texte-LaurenceR-1488x1024.jpg 1488w, https:\/\/lilyfraney.fr\/wp-content\/uploads\/2022\/05\/ABC-texte-LaurenceR-436x300.jpg 436w, https:\/\/lilyfraney.fr\/wp-content\/uploads\/2022\/05\/ABC-texte-LaurenceR-768x528.jpg 768w, https:\/\/lilyfraney.fr\/wp-content\/uploads\/2022\/05\/ABC-texte-LaurenceR-1536x1057.jpg 1536w, https:\/\/lilyfraney.fr\/wp-content\/uploads\/2022\/05\/ABC-texte-LaurenceR.jpg 1728w\" sizes=\"(max-width: 800px) 100vw, 800px\" \/>\t\t\t\t\t\t\t\t\t\t\t\t\t\t\t<\/div>\n\t\t\t\t<\/div>\n\t\t\t\t\t<\/div>\n\t\t<\/div>\n\t\t\t\t<div class=\"elementor-column elementor-col-33 elementor-top-column elementor-element elementor-element-4662581\" data-id=\"4662581\" data-element_type=\"column\" data-e-type=\"column\">\n\t\t\t<div class=\"elementor-widget-wrap elementor-element-populated\">\n\t\t\t\t\t\t<div class=\"elementor-element elementor-element-96a7268 elementor-widget elementor-widget-image\" data-id=\"96a7268\" data-element_type=\"widget\" data-e-type=\"widget\" data-widget_type=\"image.default\">\n\t\t\t\t<div class=\"elementor-widget-container\">\n\t\t\t\t\t\t\t\t\t\t\t\t\t\t\t<img loading=\"lazy\" decoding=\"async\" width=\"800\" height=\"605\" src=\"https:\/\/lilyfraney.fr\/wp-content\/uploads\/2022\/05\/ABC-4-pages-1353x1024.jpg\" class=\"attachment-large size-large wp-image-4427\" alt=\"\" srcset=\"https:\/\/lilyfraney.fr\/wp-content\/uploads\/2022\/05\/ABC-4-pages-1353x1024.jpg 1353w, https:\/\/lilyfraney.fr\/wp-content\/uploads\/2022\/05\/ABC-4-pages-396x300.jpg 396w, https:\/\/lilyfraney.fr\/wp-content\/uploads\/2022\/05\/ABC-4-pages-200x150.jpg 200w, https:\/\/lilyfraney.fr\/wp-content\/uploads\/2022\/05\/ABC-4-pages-768x581.jpg 768w, https:\/\/lilyfraney.fr\/wp-content\/uploads\/2022\/05\/ABC-4-pages-1536x1163.jpg 1536w, https:\/\/lilyfraney.fr\/wp-content\/uploads\/2022\/05\/ABC-4-pages-2048x1550.jpg 2048w\" sizes=\"(max-width: 800px) 100vw, 800px\" \/>\t\t\t\t\t\t\t\t\t\t\t\t\t\t\t<\/div>\n\t\t\t\t<\/div>\n\t\t\t\t\t<\/div>\n\t\t<\/div>\n\t\t\t\t\t<\/div>\n\t\t<\/section>\n\t\t\t\t<\/div>\n\t\t","protected":false},"excerpt":{"rendered":"<p>R\u00e9\u00e9dition de L&rsquo;AB\u00c9C\u00c9DiRE Toutes les photographies illustrant L&rsquo;AB\u00c9C\u00c9DiRE sont extraites des expositions de Lily Franey Tout-petits et Les enfants ont des droits. Tout-petits Les enfants ont des droits LAURENCE LE GUEN Dans son ouvragecent cinquante ans de photolitt\u00e9rature pour les enfantsaborde L&rsquo;ABC\u00c9DiRE comme un ouvrage original ou collaborent \u00e9crivain, photographe et graphiste.Plus de vingt ans [&hellip;]<\/p>\n","protected":false},"author":1,"featured_media":0,"parent":0,"menu_order":0,"comment_status":"closed","ping_status":"closed","template":"","meta":{"footnotes":""},"class_list":["post-4426","page","type-page","status-publish","hentry"],"_links":{"self":[{"href":"https:\/\/lilyfraney.fr\/index.php\/wp-json\/wp\/v2\/pages\/4426","targetHints":{"allow":["GET"]}}],"collection":[{"href":"https:\/\/lilyfraney.fr\/index.php\/wp-json\/wp\/v2\/pages"}],"about":[{"href":"https:\/\/lilyfraney.fr\/index.php\/wp-json\/wp\/v2\/types\/page"}],"author":[{"embeddable":true,"href":"https:\/\/lilyfraney.fr\/index.php\/wp-json\/wp\/v2\/users\/1"}],"replies":[{"embeddable":true,"href":"https:\/\/lilyfraney.fr\/index.php\/wp-json\/wp\/v2\/comments?post=4426"}],"version-history":[{"count":66,"href":"https:\/\/lilyfraney.fr\/index.php\/wp-json\/wp\/v2\/pages\/4426\/revisions"}],"predecessor-version":[{"id":4913,"href":"https:\/\/lilyfraney.fr\/index.php\/wp-json\/wp\/v2\/pages\/4426\/revisions\/4913"}],"wp:attachment":[{"href":"https:\/\/lilyfraney.fr\/index.php\/wp-json\/wp\/v2\/media?parent=4426"}],"curies":[{"name":"wp","href":"https:\/\/api.w.org\/{rel}","templated":true}]}}