{"id":4475,"date":"2022-05-25T12:02:00","date_gmt":"2022-05-25T10:02:00","guid":{"rendered":"https:\/\/lilyfraney.fr\/?page_id=4475"},"modified":"2022-05-25T15:57:29","modified_gmt":"2022-05-25T13:57:29","slug":"visages-ouvriers","status":"publish","type":"page","link":"https:\/\/lilyfraney.fr\/index.php\/visages-ouvriers\/","title":{"rendered":"Visages ouvriers"},"content":{"rendered":"\t\t<div data-elementor-type=\"wp-page\" data-elementor-id=\"4475\" class=\"elementor elementor-4475\" data-elementor-post-type=\"page\">\n\t\t\t\t\t\t<section class=\"elementor-section elementor-top-section elementor-element elementor-element-33a88a1 elementor-section-boxed elementor-section-height-default elementor-section-height-default\" data-id=\"33a88a1\" data-element_type=\"section\" data-e-type=\"section\">\n\t\t\t\t\t\t<div class=\"elementor-container elementor-column-gap-default\">\n\t\t\t\t\t<div class=\"elementor-column elementor-col-33 elementor-top-column elementor-element elementor-element-28becca\" data-id=\"28becca\" data-element_type=\"column\" data-e-type=\"column\">\n\t\t\t<div class=\"elementor-widget-wrap\">\n\t\t\t\t\t\t\t<\/div>\n\t\t<\/div>\n\t\t\t\t<div class=\"elementor-column elementor-col-33 elementor-top-column elementor-element elementor-element-259a85d\" data-id=\"259a85d\" data-element_type=\"column\" data-e-type=\"column\">\n\t\t\t<div class=\"elementor-widget-wrap\">\n\t\t\t\t\t\t\t<\/div>\n\t\t<\/div>\n\t\t\t\t<div class=\"elementor-column elementor-col-33 elementor-top-column elementor-element elementor-element-e4ce22f\" data-id=\"e4ce22f\" data-element_type=\"column\" data-e-type=\"column\">\n\t\t\t<div class=\"elementor-widget-wrap\">\n\t\t\t\t\t\t\t<\/div>\n\t\t<\/div>\n\t\t\t\t\t<\/div>\n\t\t<\/section>\n\t\t\t\t<section class=\"elementor-section elementor-top-section elementor-element elementor-element-2d444e2 elementor-section-boxed elementor-section-height-default elementor-section-height-default\" data-id=\"2d444e2\" data-element_type=\"section\" data-e-type=\"section\">\n\t\t\t\t\t\t<div class=\"elementor-container elementor-column-gap-default\">\n\t\t\t\t\t<div class=\"elementor-column elementor-col-16 elementor-top-column elementor-element elementor-element-e95db90\" data-id=\"e95db90\" data-element_type=\"column\" data-e-type=\"column\">\n\t\t\t<div class=\"elementor-widget-wrap\">\n\t\t\t\t\t\t\t<\/div>\n\t\t<\/div>\n\t\t\t\t<div class=\"elementor-column elementor-col-16 elementor-top-column elementor-element elementor-element-e71fc76\" data-id=\"e71fc76\" data-element_type=\"column\" data-e-type=\"column\">\n\t\t\t<div class=\"elementor-widget-wrap elementor-element-populated\">\n\t\t\t\t\t\t<div class=\"elementor-element elementor-element-93a1c27 elementor-widget elementor-widget-image\" data-id=\"93a1c27\" data-element_type=\"widget\" data-e-type=\"widget\" data-widget_type=\"image.default\">\n\t\t\t\t<div class=\"elementor-widget-container\">\n\t\t\t\t\t\t\t\t\t\t\t\t\t\t\t<img fetchpriority=\"high\" decoding=\"async\" width=\"479\" height=\"118\" src=\"https:\/\/lilyfraney.fr\/wp-content\/uploads\/2022\/05\/titre-ouvriers-copie.jpg\" class=\"attachment-large size-large wp-image-4478\" alt=\"\" srcset=\"https:\/\/lilyfraney.fr\/wp-content\/uploads\/2022\/05\/titre-ouvriers-copie.jpg 479w, https:\/\/lilyfraney.fr\/wp-content\/uploads\/2022\/05\/titre-ouvriers-copie-450x111.jpg 450w\" sizes=\"(max-width: 479px) 100vw, 479px\" \/>\t\t\t\t\t\t\t\t\t\t\t\t\t\t\t<\/div>\n\t\t\t\t<\/div>\n\t\t\t\t<div class=\"elementor-element elementor-element-43deee7 elementor-widget elementor-widget-spacer\" data-id=\"43deee7\" data-element_type=\"widget\" data-e-type=\"widget\" data-widget_type=\"spacer.default\">\n\t\t\t\t<div class=\"elementor-widget-container\">\n\t\t\t\t\t\t\t<div class=\"elementor-spacer\">\n\t\t\t<div class=\"elementor-spacer-inner\"><\/div>\n\t\t<\/div>\n\t\t\t\t\t\t<\/div>\n\t\t\t\t<\/div>\n\t\t\t\t<div class=\"elementor-element elementor-element-36dd5d8 elementor-widget elementor-widget-image\" data-id=\"36dd5d8\" data-element_type=\"widget\" data-e-type=\"widget\" data-widget_type=\"image.default\">\n\t\t\t\t<div class=\"elementor-widget-container\">\n\t\t\t\t\t\t\t\t\t\t\t\t\t\t\t<img decoding=\"async\" width=\"566\" height=\"746\" src=\"https:\/\/lilyfraney.fr\/wp-content\/uploads\/2022\/05\/Affiche.jpg\" class=\"attachment-large size-large wp-image-4422\" alt=\"\" srcset=\"https:\/\/lilyfraney.fr\/wp-content\/uploads\/2022\/05\/Affiche.jpg 566w, https:\/\/lilyfraney.fr\/wp-content\/uploads\/2022\/05\/Affiche-228x300.jpg 228w\" sizes=\"(max-width: 566px) 100vw, 566px\" \/>\t\t\t\t\t\t\t\t\t\t\t\t\t\t\t<\/div>\n\t\t\t\t<\/div>\n\t\t\t\t\t<\/div>\n\t\t<\/div>\n\t\t\t\t<div class=\"elementor-column elementor-col-16 elementor-top-column elementor-element elementor-element-daa6aed\" data-id=\"daa6aed\" data-element_type=\"column\" data-e-type=\"column\">\n\t\t\t<div class=\"elementor-widget-wrap\">\n\t\t\t\t\t\t\t<\/div>\n\t\t<\/div>\n\t\t\t\t<div class=\"elementor-column elementor-col-16 elementor-top-column elementor-element elementor-element-d68b830\" data-id=\"d68b830\" data-element_type=\"column\" data-e-type=\"column\">\n\t\t\t<div class=\"elementor-widget-wrap elementor-element-populated\">\n\t\t\t\t\t\t<div class=\"elementor-element elementor-element-6f3afac elementor-widget elementor-widget-image\" data-id=\"6f3afac\" data-element_type=\"widget\" data-e-type=\"widget\" data-widget_type=\"image.default\">\n\t\t\t\t<div class=\"elementor-widget-container\">\n\t\t\t\t\t\t\t\t\t\t\t\t\t\t\t<img decoding=\"async\" width=\"307\" height=\"74\" src=\"https:\/\/lilyfraney.fr\/wp-content\/uploads\/2022\/05\/dates-expo-ouvriers.jpg\" class=\"attachment-large size-large wp-image-4476\" alt=\"\" \/>\t\t\t\t\t\t\t\t\t\t\t\t\t\t\t<\/div>\n\t\t\t\t<\/div>\n\t\t\t\t<div class=\"elementor-element elementor-element-1128c58 elementor-widget elementor-widget-spacer\" data-id=\"1128c58\" data-element_type=\"widget\" data-e-type=\"widget\" data-widget_type=\"spacer.default\">\n\t\t\t\t<div class=\"elementor-widget-container\">\n\t\t\t\t\t\t\t<div class=\"elementor-spacer\">\n\t\t\t<div class=\"elementor-spacer-inner\"><\/div>\n\t\t<\/div>\n\t\t\t\t\t\t<\/div>\n\t\t\t\t<\/div>\n\t\t\t\t<div class=\"elementor-element elementor-element-64f4fb8 elementor-widget elementor-widget-text-editor\" data-id=\"64f4fb8\" data-element_type=\"widget\" data-e-type=\"widget\" data-widget_type=\"text-editor.default\">\n\t\t\t\t<div class=\"elementor-widget-container\">\n\t\t\t\t\t\t\t\t\t<p><em>J\u2019ai \u00e9t\u00e9 pr\u00e9cocement plong\u00e9e dans le monde du travail, c\u2019est peut-\u00eatre la raison pour laquelle, le monde ouvrier, a tr\u00e8s vite pris, une grande importance dans mon approche photographique.<\/em><\/p><p><em>Mon principal obstacle a \u00e9t\u00e9 le caract\u00e8re ferm\u00e9 des entreprises. Ce n\u2019est qu\u2019avec l\u2019aide active des syndicats et parfois des commandes officielles d\u2019institutions que j\u2019ai pu p\u00e9n\u00e9trer au c\u0153ur de certaines industries. J\u2019ai pu constater, le plus souvent, que les guides \u00ab directoriaux \u00bb qui m\u2019accompagnaient ne voulaient faire conna\u00eetre que les moyens techniques et la robotisation. A leur grand d\u00e9sarroi, j\u2019ai toujours mis en avant l\u2019humain confront\u00e9 au m\u00e9tier, \u00e0 la machine. Je photographie ce qui me touche ou ce qui m\u2019\u00e9meut. Ce qui me passionne, c\u2019est de me fondre dans un univers pour capter un regard, un geste, une attitude.<\/em><\/p><p><em>Rien n\u2019a pu se faire sans la complicit\u00e9 de ces hommes et de ces femmes qui m\u2019ont \u00a0fait confiance et m\u2019ont donn\u00e9 des instants de leur vie, de leur quotidien. Ces instants magiques o\u00f9 tout se met en place et o\u00f9 un v\u00e9ritable \u00e9change se produit.<\/em><\/p><p><strong><em>Lily Franey, 2022<br \/><br \/><br \/><\/em><\/strong><\/p>\t\t\t\t\t\t\t\t<\/div>\n\t\t\t\t<\/div>\n\t\t\t\t<div class=\"elementor-element elementor-element-5424b47 elementor-widget elementor-widget-text-editor\" data-id=\"5424b47\" data-element_type=\"widget\" data-e-type=\"widget\" data-widget_type=\"text-editor.default\">\n\t\t\t\t<div class=\"elementor-widget-container\">\n\t\t\t\t\t\t\t\t\t<p>Les photographies de Lily Franey qui figurent dans l&rsquo;exposition sont extraites des multiples reportages r\u00e9alis\u00e9es par la photographe sur le monde du travail<\/p>\t\t\t\t\t\t\t\t<\/div>\n\t\t\t\t<\/div>\n\t\t\t\t\t<\/div>\n\t\t<\/div>\n\t\t\t\t<div class=\"elementor-column elementor-col-16 elementor-top-column elementor-element elementor-element-6f599ad\" data-id=\"6f599ad\" data-element_type=\"column\" data-e-type=\"column\">\n\t\t\t<div class=\"elementor-widget-wrap elementor-element-populated\">\n\t\t\t\t\t\t<div class=\"elementor-element elementor-element-59bfd2b elementor-widget elementor-widget-image\" data-id=\"59bfd2b\" data-element_type=\"widget\" data-e-type=\"widget\" data-widget_type=\"image.default\">\n\t\t\t\t<div class=\"elementor-widget-container\">\n\t\t\t\t\t\t\t\t\t\t\t\t\t\t\t\t<a href=\"http:\/\/www.museehistoirevivante.fr\/\">\n\t\t\t\t\t\t\t<img loading=\"lazy\" decoding=\"async\" width=\"160\" height=\"85\" src=\"https:\/\/lilyfraney.fr\/wp-content\/uploads\/2022\/05\/muse\u0301e.png\" class=\"attachment-2048x2048 size-2048x2048 wp-image-4479\" alt=\"\" \/>\t\t\t\t\t\t\t\t<\/a>\n\t\t\t\t\t\t\t\t\t\t\t\t\t\t\t<\/div>\n\t\t\t\t<\/div>\n\t\t\t\t<div class=\"elementor-element elementor-element-8f40a84 elementor-widget elementor-widget-spacer\" data-id=\"8f40a84\" data-element_type=\"widget\" data-e-type=\"widget\" data-widget_type=\"spacer.default\">\n\t\t\t\t<div class=\"elementor-widget-container\">\n\t\t\t\t\t\t\t<div class=\"elementor-spacer\">\n\t\t\t<div class=\"elementor-spacer-inner\"><\/div>\n\t\t<\/div>\n\t\t\t\t\t\t<\/div>\n\t\t\t\t<\/div>\n\t\t\t\t<div class=\"elementor-element elementor-element-e9c554e elementor-widget elementor-widget-image\" data-id=\"e9c554e\" data-element_type=\"widget\" data-e-type=\"widget\" data-widget_type=\"image.default\">\n\t\t\t\t<div class=\"elementor-widget-container\">\n\t\t\t\t\t\t\t\t\t\t\t\t<figure class=\"wp-caption\">\n\t\t\t\t\t\t\t\t\t\t\t<a href=\"https:\/\/lilyfraney.fr\/index.php\/lhomme-et-la-machine\/\">\n\t\t\t\t\t\t\t<img loading=\"lazy\" decoding=\"async\" width=\"800\" height=\"531\" src=\"https:\/\/lilyfraney.fr\/wp-content\/uploads\/2022\/01\/Lhomme-et-la-machine013-R1.jpg\" class=\"attachment-large size-large wp-image-1029\" alt=\"\" srcset=\"https:\/\/lilyfraney.fr\/wp-content\/uploads\/2022\/01\/Lhomme-et-la-machine013-R1.jpg 1206w, https:\/\/lilyfraney.fr\/wp-content\/uploads\/2022\/01\/Lhomme-et-la-machine013-R1-450x300.jpg 450w, https:\/\/lilyfraney.fr\/wp-content\/uploads\/2022\/01\/Lhomme-et-la-machine013-R1-768x509.jpg 768w\" sizes=\"(max-width: 800px) 100vw, 800px\" \/>\t\t\t\t\t\t\t\t<\/a>\n\t\t\t\t\t\t\t\t\t\t\t<figcaption class=\"widget-image-caption wp-caption-text\">L'homme et la machine<\/figcaption>\n\t\t\t\t\t\t\t\t\t\t<\/figure>\n\t\t\t\t\t\t\t\t\t<\/div>\n\t\t\t\t<\/div>\n\t\t\t\t<div class=\"elementor-element elementor-element-1a7017a elementor-widget elementor-widget-image\" data-id=\"1a7017a\" data-element_type=\"widget\" data-e-type=\"widget\" data-widget_type=\"image.default\">\n\t\t\t\t<div class=\"elementor-widget-container\">\n\t\t\t\t\t\t\t\t\t\t\t\t<figure class=\"wp-caption\">\n\t\t\t\t\t\t\t\t\t\t\t<a href=\"https:\/\/lilyfraney.fr\/index.php\/le-travail-au-feminin-singulier\/\">\n\t\t\t\t\t\t\t<img loading=\"lazy\" decoding=\"async\" width=\"800\" height=\"533\" src=\"https:\/\/lilyfraney.fr\/wp-content\/uploads\/2022\/01\/Travail-F.jpg\" class=\"attachment-large size-large wp-image-737\" alt=\"\" srcset=\"https:\/\/lilyfraney.fr\/wp-content\/uploads\/2022\/01\/Travail-F.jpg 1200w, https:\/\/lilyfraney.fr\/wp-content\/uploads\/2022\/01\/Travail-F-450x300.jpg 450w, https:\/\/lilyfraney.fr\/wp-content\/uploads\/2022\/01\/Travail-F-768x512.jpg 768w\" sizes=\"(max-width: 800px) 100vw, 800px\" \/>\t\t\t\t\t\t\t\t<\/a>\n\t\t\t\t\t\t\t\t\t\t\t<figcaption class=\"widget-image-caption wp-caption-text\">Le travail au f\u00e9minin singulier<\/figcaption>\n\t\t\t\t\t\t\t\t\t\t<\/figure>\n\t\t\t\t\t\t\t\t\t<\/div>\n\t\t\t\t<\/div>\n\t\t\t\t<div class=\"elementor-element elementor-element-52ce2e9 elementor-widget elementor-widget-image\" data-id=\"52ce2e9\" data-element_type=\"widget\" data-e-type=\"widget\" data-widget_type=\"image.default\">\n\t\t\t\t<div class=\"elementor-widget-container\">\n\t\t\t\t\t\t\t\t\t\t\t\t<figure class=\"wp-caption\">\n\t\t\t\t\t\t\t\t\t\t\t<a href=\"https:\/\/lilyfraney.fr\/index.php\/les-poseurs-de-rails\/\">\n\t\t\t\t\t\t\t<img loading=\"lazy\" decoding=\"async\" width=\"800\" height=\"533\" src=\"https:\/\/lilyfraney.fr\/wp-content\/uploads\/2022\/01\/POSEURS-DE-RAILS001-R1.jpg\" class=\"attachment-large size-large wp-image-1985\" alt=\"\" srcset=\"https:\/\/lilyfraney.fr\/wp-content\/uploads\/2022\/01\/POSEURS-DE-RAILS001-R1.jpg 1200w, https:\/\/lilyfraney.fr\/wp-content\/uploads\/2022\/01\/POSEURS-DE-RAILS001-R1-450x300.jpg 450w, https:\/\/lilyfraney.fr\/wp-content\/uploads\/2022\/01\/POSEURS-DE-RAILS001-R1-768x512.jpg 768w\" sizes=\"(max-width: 800px) 100vw, 800px\" \/>\t\t\t\t\t\t\t\t<\/a>\n\t\t\t\t\t\t\t\t\t\t\t<figcaption class=\"widget-image-caption wp-caption-text\">Les Poseurs de rail<\/figcaption>\n\t\t\t\t\t\t\t\t\t\t<\/figure>\n\t\t\t\t\t\t\t\t\t<\/div>\n\t\t\t\t<\/div>\n\t\t\t\t<div class=\"elementor-element elementor-element-d512a26 elementor-widget elementor-widget-image\" data-id=\"d512a26\" data-element_type=\"widget\" data-e-type=\"widget\" data-widget_type=\"image.default\">\n\t\t\t\t<div class=\"elementor-widget-container\">\n\t\t\t\t\t\t\t\t\t\t\t\t<figure class=\"wp-caption\">\n\t\t\t\t\t\t\t\t\t\t\t<a href=\"https:\/\/lilyfraney.fr\/index.php\/machinistes-ratp\/\">\n\t\t\t\t\t\t\t<img loading=\"lazy\" decoding=\"async\" width=\"800\" height=\"543\" src=\"https:\/\/lilyfraney.fr\/wp-content\/uploads\/2022\/01\/Machiniste004-r1.jpg\" class=\"attachment-large size-large wp-image-1030\" alt=\"\" srcset=\"https:\/\/lilyfraney.fr\/wp-content\/uploads\/2022\/01\/Machiniste004-r1.jpg 1178w, https:\/\/lilyfraney.fr\/wp-content\/uploads\/2022\/01\/Machiniste004-r1-442x300.jpg 442w, https:\/\/lilyfraney.fr\/wp-content\/uploads\/2022\/01\/Machiniste004-r1-768x522.jpg 768w\" sizes=\"(max-width: 800px) 100vw, 800px\" \/>\t\t\t\t\t\t\t\t<\/a>\n\t\t\t\t\t\t\t\t\t\t\t<figcaption class=\"widget-image-caption wp-caption-text\">Machiniste \u00e0 la RATP<\/figcaption>\n\t\t\t\t\t\t\t\t\t\t<\/figure>\n\t\t\t\t\t\t\t\t\t<\/div>\n\t\t\t\t<\/div>\n\t\t\t\t\t<\/div>\n\t\t<\/div>\n\t\t\t\t<div class=\"elementor-column elementor-col-16 elementor-top-column elementor-element elementor-element-19348e6\" data-id=\"19348e6\" data-element_type=\"column\" data-e-type=\"column\">\n\t\t\t<div class=\"elementor-widget-wrap\">\n\t\t\t\t\t\t\t<\/div>\n\t\t<\/div>\n\t\t\t\t\t<\/div>\n\t\t<\/section>\n\t\t\t\t<\/div>\n\t\t","protected":false},"excerpt":{"rendered":"<p>J\u2019ai \u00e9t\u00e9 pr\u00e9cocement plong\u00e9e dans le monde du travail, c\u2019est peut-\u00eatre la raison pour laquelle, le monde ouvrier, a tr\u00e8s vite pris, une grande importance dans mon approche photographique. Mon principal obstacle a \u00e9t\u00e9 le caract\u00e8re ferm\u00e9 des entreprises. Ce n\u2019est qu\u2019avec l\u2019aide active des syndicats et parfois des commandes officielles d\u2019institutions que j\u2019ai pu [&hellip;]<\/p>\n","protected":false},"author":1,"featured_media":0,"parent":0,"menu_order":0,"comment_status":"closed","ping_status":"closed","template":"","meta":{"footnotes":""},"class_list":["post-4475","page","type-page","status-publish","hentry"],"_links":{"self":[{"href":"https:\/\/lilyfraney.fr\/index.php\/wp-json\/wp\/v2\/pages\/4475","targetHints":{"allow":["GET"]}}],"collection":[{"href":"https:\/\/lilyfraney.fr\/index.php\/wp-json\/wp\/v2\/pages"}],"about":[{"href":"https:\/\/lilyfraney.fr\/index.php\/wp-json\/wp\/v2\/types\/page"}],"author":[{"embeddable":true,"href":"https:\/\/lilyfraney.fr\/index.php\/wp-json\/wp\/v2\/users\/1"}],"replies":[{"embeddable":true,"href":"https:\/\/lilyfraney.fr\/index.php\/wp-json\/wp\/v2\/comments?post=4475"}],"version-history":[{"count":27,"href":"https:\/\/lilyfraney.fr\/index.php\/wp-json\/wp\/v2\/pages\/4475\/revisions"}],"predecessor-version":[{"id":4532,"href":"https:\/\/lilyfraney.fr\/index.php\/wp-json\/wp\/v2\/pages\/4475\/revisions\/4532"}],"wp:attachment":[{"href":"https:\/\/lilyfraney.fr\/index.php\/wp-json\/wp\/v2\/media?parent=4475"}],"curies":[{"name":"wp","href":"https:\/\/api.w.org\/{rel}","templated":true}]}}