{"id":570,"date":"2022-01-15T17:14:34","date_gmt":"2022-01-15T16:14:34","guid":{"rendered":"http:\/\/lilyfraney.fr\/?page_id=570"},"modified":"2022-02-25T17:44:47","modified_gmt":"2022-02-25T16:44:47","slug":"droits-de-lenfant","status":"publish","type":"page","link":"https:\/\/lilyfraney.fr\/index.php\/droits-de-lenfant\/","title":{"rendered":"Enfances"},"content":{"rendered":"\t\t<div data-elementor-type=\"wp-page\" data-elementor-id=\"570\" class=\"elementor elementor-570\" data-elementor-post-type=\"page\">\n\t\t\t\t\t\t<section class=\"elementor-section elementor-top-section elementor-element elementor-element-364df75 elementor-section-boxed elementor-section-height-default elementor-section-height-default\" data-id=\"364df75\" data-element_type=\"section\" data-e-type=\"section\">\n\t\t\t\t\t\t<div class=\"elementor-container elementor-column-gap-default\">\n\t\t\t\t\t<div class=\"elementor-column elementor-col-100 elementor-top-column elementor-element elementor-element-038a0b3\" data-id=\"038a0b3\" data-element_type=\"column\" data-e-type=\"column\">\n\t\t\t<div class=\"elementor-widget-wrap elementor-element-populated\">\n\t\t\t\t\t\t<div class=\"elementor-element elementor-element-4ed4701 elementor-widget elementor-widget-heading\" data-id=\"4ed4701\" data-element_type=\"widget\" data-e-type=\"widget\" data-widget_type=\"heading.default\">\n\t\t\t\t<div class=\"elementor-widget-container\">\n\t\t\t\t\t<h2 class=\"elementor-heading-title elementor-size-default\">Enfances<\/h2>\t\t\t\t<\/div>\n\t\t\t\t<\/div>\n\t\t\t\t\t<\/div>\n\t\t<\/div>\n\t\t\t\t\t<\/div>\n\t\t<\/section>\n\t\t\t\t<section class=\"elementor-section elementor-top-section elementor-element elementor-element-7bceb59 elementor-section-boxed elementor-section-height-default elementor-section-height-default\" data-id=\"7bceb59\" data-element_type=\"section\" data-e-type=\"section\">\n\t\t\t\t\t\t<div class=\"elementor-container elementor-column-gap-default\">\n\t\t\t\t\t<div class=\"elementor-column elementor-col-100 elementor-top-column elementor-element elementor-element-f752d1d\" data-id=\"f752d1d\" data-element_type=\"column\" data-e-type=\"column\">\n\t\t\t<div class=\"elementor-widget-wrap\">\n\t\t\t\t\t\t\t<\/div>\n\t\t<\/div>\n\t\t\t\t\t<\/div>\n\t\t<\/section>\n\t\t\t\t<section class=\"elementor-section elementor-top-section elementor-element elementor-element-51a3b8d elementor-section-boxed elementor-section-height-default elementor-section-height-default\" data-id=\"51a3b8d\" data-element_type=\"section\" data-e-type=\"section\">\n\t\t\t\t\t\t<div class=\"elementor-container elementor-column-gap-default\">\n\t\t\t\t\t<div class=\"elementor-column elementor-col-20 elementor-top-column elementor-element elementor-element-ce7a140\" data-id=\"ce7a140\" data-element_type=\"column\" data-e-type=\"column\">\n\t\t\t<div class=\"elementor-widget-wrap\">\n\t\t\t\t\t\t\t<\/div>\n\t\t<\/div>\n\t\t\t\t<div class=\"elementor-column elementor-col-20 elementor-top-column elementor-element elementor-element-17b583c\" data-id=\"17b583c\" data-element_type=\"column\" data-e-type=\"column\">\n\t\t\t<div class=\"elementor-widget-wrap elementor-element-populated\">\n\t\t\t\t\t\t<div class=\"elementor-element elementor-element-05133af elementor-widget elementor-widget-image\" data-id=\"05133af\" data-element_type=\"widget\" data-e-type=\"widget\" data-widget_type=\"image.default\">\n\t\t\t\t<div class=\"elementor-widget-container\">\n\t\t\t\t\t\t\t\t\t\t\t\t<figure class=\"wp-caption\">\n\t\t\t\t\t\t\t\t\t\t\t<a href=\"https:\/\/lilyfraney.fr\/index.php\/modele\/\">\n\t\t\t\t\t\t\t<img fetchpriority=\"high\" decoding=\"async\" width=\"800\" height=\"532\" src=\"https:\/\/lilyfraney.fr\/wp-content\/uploads\/2022\/01\/Rire-cuba.png\" class=\"attachment-large size-large wp-image-593\" alt=\"\" srcset=\"https:\/\/lilyfraney.fr\/wp-content\/uploads\/2022\/01\/Rire-cuba.png 1200w, https:\/\/lilyfraney.fr\/wp-content\/uploads\/2022\/01\/Rire-cuba-450x300.png 450w, https:\/\/lilyfraney.fr\/wp-content\/uploads\/2022\/01\/Rire-cuba-768x511.png 768w\" sizes=\"(max-width: 800px) 100vw, 800px\" \/>\t\t\t\t\t\t\t\t<\/a>\n\t\t\t\t\t\t\t\t\t\t\t<figcaption class=\"widget-image-caption wp-caption-text\">Les enfants ont des droits<\/figcaption>\n\t\t\t\t\t\t\t\t\t\t<\/figure>\n\t\t\t\t\t\t\t\t\t<\/div>\n\t\t\t\t<\/div>\n\t\t\t\t\t<\/div>\n\t\t<\/div>\n\t\t\t\t<div class=\"elementor-column elementor-col-20 elementor-top-column elementor-element elementor-element-453c08d\" data-id=\"453c08d\" data-element_type=\"column\" data-e-type=\"column\">\n\t\t\t<div class=\"elementor-widget-wrap elementor-element-populated\">\n\t\t\t\t\t\t<div class=\"elementor-element elementor-element-8eb51a6 elementor-widget elementor-widget-image\" data-id=\"8eb51a6\" data-element_type=\"widget\" data-e-type=\"widget\" data-widget_type=\"image.default\">\n\t\t\t\t<div class=\"elementor-widget-container\">\n\t\t\t\t\t\t\t\t\t\t\t\t<figure class=\"wp-caption\">\n\t\t\t\t\t\t\t\t\t\t\t<a href=\"https:\/\/lilyfraney.fr\/index.php\/tout-petit\/\">\n\t\t\t\t\t\t\t<img decoding=\"async\" width=\"800\" height=\"529\" src=\"https:\/\/lilyfraney.fr\/wp-content\/uploads\/2022\/01\/ballon.jpg\" class=\"attachment-large size-large wp-image-594\" alt=\"\" srcset=\"https:\/\/lilyfraney.fr\/wp-content\/uploads\/2022\/01\/ballon.jpg 1200w, https:\/\/lilyfraney.fr\/wp-content\/uploads\/2022\/01\/ballon-450x298.jpg 450w, https:\/\/lilyfraney.fr\/wp-content\/uploads\/2022\/01\/ballon-768x508.jpg 768w\" sizes=\"(max-width: 800px) 100vw, 800px\" \/>\t\t\t\t\t\t\t\t<\/a>\n\t\t\t\t\t\t\t\t\t\t\t<figcaption class=\"widget-image-caption wp-caption-text\">Tout-petits<\/figcaption>\n\t\t\t\t\t\t\t\t\t\t<\/figure>\n\t\t\t\t\t\t\t\t\t<\/div>\n\t\t\t\t<\/div>\n\t\t\t\t\t<\/div>\n\t\t<\/div>\n\t\t\t\t<div class=\"elementor-column elementor-col-20 elementor-top-column elementor-element elementor-element-152c372\" data-id=\"152c372\" data-element_type=\"column\" data-e-type=\"column\">\n\t\t\t<div class=\"elementor-widget-wrap elementor-element-populated\">\n\t\t\t\t\t\t<div class=\"elementor-element elementor-element-268a1f0 elementor-widget elementor-widget-image\" data-id=\"268a1f0\" data-element_type=\"widget\" data-e-type=\"widget\" data-widget_type=\"image.default\">\n\t\t\t\t<div class=\"elementor-widget-container\">\n\t\t\t\t\t\t\t\t\t\t\t\t<figure class=\"wp-caption\">\n\t\t\t\t\t\t\t\t\t\t\t<a href=\"https:\/\/lilyfraney.fr\/index.php\/presentation\/\">\n\t\t\t\t\t\t\t<img decoding=\"async\" width=\"800\" height=\"509\" src=\"https:\/\/lilyfraney.fr\/wp-content\/uploads\/2022\/01\/Capture-de\u0301cran-2022-01-14-a\u0300-13.07.51-1536x977.png\" class=\"attachment-large size-large wp-image-587\" alt=\"\" srcset=\"https:\/\/lilyfraney.fr\/wp-content\/uploads\/2022\/01\/Capture-de\u0301cran-2022-01-14-a\u0300-13.07.51-1536x977.png 1536w, https:\/\/lilyfraney.fr\/wp-content\/uploads\/2022\/01\/Capture-de\u0301cran-2022-01-14-a\u0300-13.07.51-450x286.png 450w, https:\/\/lilyfraney.fr\/wp-content\/uploads\/2022\/01\/Capture-de\u0301cran-2022-01-14-a\u0300-13.07.51-768x488.png 768w, https:\/\/lilyfraney.fr\/wp-content\/uploads\/2022\/01\/Capture-de\u0301cran-2022-01-14-a\u0300-13.07.51-2048x1303.png 2048w\" sizes=\"(max-width: 800px) 100vw, 800px\" \/>\t\t\t\t\t\t\t\t<\/a>\n\t\t\t\t\t\t\t\t\t\t\t<figcaption class=\"widget-image-caption wp-caption-text\">Film documentaire : \"Premiers reportages\"<\/figcaption>\n\t\t\t\t\t\t\t\t\t\t<\/figure>\n\t\t\t\t\t\t\t\t\t<\/div>\n\t\t\t\t<\/div>\n\t\t\t\t\t<\/div>\n\t\t<\/div>\n\t\t\t\t<div class=\"elementor-column elementor-col-20 elementor-top-column elementor-element elementor-element-a4de2a1\" data-id=\"a4de2a1\" data-element_type=\"column\" data-e-type=\"column\">\n\t\t\t<div class=\"elementor-widget-wrap\">\n\t\t\t\t\t\t\t<\/div>\n\t\t<\/div>\n\t\t\t\t\t<\/div>\n\t\t<\/section>\n\t\t\t\t<section class=\"elementor-section elementor-top-section elementor-element elementor-element-3ebb744 elementor-section-boxed elementor-section-height-default elementor-section-height-default\" data-id=\"3ebb744\" data-element_type=\"section\" data-e-type=\"section\">\n\t\t\t\t\t\t<div class=\"elementor-container elementor-column-gap-default\">\n\t\t\t\t\t<div class=\"elementor-column elementor-col-16 elementor-top-column elementor-element elementor-element-2b2ce0f\" data-id=\"2b2ce0f\" data-element_type=\"column\" data-e-type=\"column\">\n\t\t\t<div class=\"elementor-widget-wrap\">\n\t\t\t\t\t\t\t<\/div>\n\t\t<\/div>\n\t\t\t\t<div class=\"elementor-column elementor-col-66 elementor-top-column elementor-element elementor-element-d386af4\" data-id=\"d386af4\" data-element_type=\"column\" data-e-type=\"column\">\n\t\t\t<div class=\"elementor-widget-wrap elementor-element-populated\">\n\t\t\t\t\t\t<div class=\"elementor-element elementor-element-90c1e91 elementor-widget elementor-widget-text-editor\" data-id=\"90c1e91\" data-element_type=\"widget\" data-e-type=\"widget\" data-widget_type=\"text-editor.default\">\n\t\t\t\t<div class=\"elementor-widget-container\">\n\t\t\t\t\t\t\t\t\t<p>En entrant dans le monde photographique de Lily Franey, nous nous trouvons plong\u00e9s dans l\u2019univers de l\u2019enfance. Est-ce une fuite, une frayeur devant la brutalit\u00e9 du monde actuel ou est-ce le r\u00eave d\u2019un avenir un peu plus pur plus simple. Fuit-elle l\u2019agressivit\u00e9 et l\u2019injustice qui nous c\u00f4toient pour se tourner vers l\u2019insouciance, la protection foetale retrouv\u00e9e dans les piscines temp\u00e9r\u00e9es, les r\u00eaves et les rires de ces enfants heureux ou au contraire ces photos sont elles les images utopiques et id\u00e9alis\u00e9es d\u2019un avenir libre et sans contraintes pour l\u2019homme.<\/p><p>On aurait tendance \u00e0 oublier que Lily Franey est une militante de longue date, qu\u2019elle a voyag\u00e9 et photographi\u00e9 partout o\u00f9 l\u2019homme souffre : les images de la famine et de la guerre en Ethiopie, de la s\u00e9cheresse du Sahel, les probl\u00e8mes d\u2019apr\u00e8s guerre du Viet-Nam, les r\u00e9volt\u00e9s au Guatemala. En France elle photographie constamment le monde du travail et elle soutient par tous ses moyens les femmes et les hommes dans leur lutte pour plus de justice sociale.<\/p><p>C\u2019est en sachant cela qu\u2019il faut reconsid\u00e9rer la tendresse investie dans ces photos de l\u2019enfance. Actuellement pour beaucoup de photographes, l\u2019horreur et la brutalit\u00e9 de ce monde se traduisent par l\u2019image \u00ab\u00a0esth\u00e9tique\u00a0\u00bb. Les photos de la souffrance, du sang et de la mort se r\u00e9duisent \u00e0 une sorte de formalisme artistique.<\/p><p>Pourtant les images de Lewis Hine, Eug\u00e8ne Smith, Patrick Zachmann ou Carol Guzy et de tant d\u2019autres, sont de n\u00e9cessaires et authentiques t\u00e9moignages de la souffrance de l\u2019homme et il faut que chacun de nous porte ces images en lui pour que peu \u00e0 peu, nous prenions conscience de la n\u00e9cessit\u00e9 d\u2019arr\u00eater ces horreurs.<\/p><p>Lily Franey, elle, dans ses derni\u00e8res photos, se laisse envahir par une tendresse qui manque tant en ce monde. Elle nous montre le plaisir que nous \u00e9prouvons tous \u00e0 contempler les d\u00e9couvertes merveilleuses des enfants.<\/p><p>Veut-elle nous montrer que c\u2019est peut-\u00eatre la seule fa\u00e7on qui nous reste de rendre notre monde un peu plus humain.<\/p><p><strong><em>Sabine Weiss<\/em><\/strong><\/p>\t\t\t\t\t\t\t\t<\/div>\n\t\t\t\t<\/div>\n\t\t\t\t\t<\/div>\n\t\t<\/div>\n\t\t\t\t<div class=\"elementor-column elementor-col-16 elementor-top-column elementor-element elementor-element-12141c4\" data-id=\"12141c4\" data-element_type=\"column\" data-e-type=\"column\">\n\t\t\t<div class=\"elementor-widget-wrap\">\n\t\t\t\t\t\t\t<\/div>\n\t\t<\/div>\n\t\t\t\t\t<\/div>\n\t\t<\/section>\n\t\t\t\t<\/div>\n\t\t","protected":false},"excerpt":{"rendered":"<p>Enfances Les enfants ont des droits Tout-petits Film documentaire : \u00ab\u00a0Premiers reportages\u00a0\u00bb En entrant dans le monde photographique de Lily Franey, nous nous trouvons plong\u00e9s dans l\u2019univers de l\u2019enfance. Est-ce une fuite, une frayeur devant la brutalit\u00e9 du monde actuel ou est-ce le r\u00eave d\u2019un avenir un peu plus pur plus simple. Fuit-elle l\u2019agressivit\u00e9 et [&hellip;]<\/p>\n","protected":false},"author":1,"featured_media":0,"parent":0,"menu_order":0,"comment_status":"closed","ping_status":"closed","template":"","meta":{"footnotes":""},"class_list":["post-570","page","type-page","status-publish","hentry"],"_links":{"self":[{"href":"https:\/\/lilyfraney.fr\/index.php\/wp-json\/wp\/v2\/pages\/570","targetHints":{"allow":["GET"]}}],"collection":[{"href":"https:\/\/lilyfraney.fr\/index.php\/wp-json\/wp\/v2\/pages"}],"about":[{"href":"https:\/\/lilyfraney.fr\/index.php\/wp-json\/wp\/v2\/types\/page"}],"author":[{"embeddable":true,"href":"https:\/\/lilyfraney.fr\/index.php\/wp-json\/wp\/v2\/users\/1"}],"replies":[{"embeddable":true,"href":"https:\/\/lilyfraney.fr\/index.php\/wp-json\/wp\/v2\/comments?post=570"}],"version-history":[{"count":78,"href":"https:\/\/lilyfraney.fr\/index.php\/wp-json\/wp\/v2\/pages\/570\/revisions"}],"predecessor-version":[{"id":3381,"href":"https:\/\/lilyfraney.fr\/index.php\/wp-json\/wp\/v2\/pages\/570\/revisions\/3381"}],"wp:attachment":[{"href":"https:\/\/lilyfraney.fr\/index.php\/wp-json\/wp\/v2\/media?parent=570"}],"curies":[{"name":"wp","href":"https:\/\/api.w.org\/{rel}","templated":true}]}}