{"id":712,"date":"2022-01-16T19:17:38","date_gmt":"2022-01-16T18:17:38","guid":{"rendered":"http:\/\/lilyfraney.fr\/?page_id=712"},"modified":"2022-02-13T20:06:39","modified_gmt":"2022-02-13T19:06:39","slug":"poesie","status":"publish","type":"page","link":"https:\/\/lilyfraney.fr\/index.php\/poesie\/","title":{"rendered":"Po\u00e9sie"},"content":{"rendered":"\t\t<div data-elementor-type=\"wp-page\" data-elementor-id=\"712\" class=\"elementor elementor-712\" data-elementor-post-type=\"page\">\n\t\t\t\t\t\t<section class=\"elementor-section elementor-top-section elementor-element elementor-element-2d0fdc2 elementor-section-boxed elementor-section-height-default elementor-section-height-default\" data-id=\"2d0fdc2\" data-element_type=\"section\" data-e-type=\"section\">\n\t\t\t\t\t\t<div class=\"elementor-container elementor-column-gap-default\">\n\t\t\t\t\t<div class=\"elementor-column elementor-col-33 elementor-top-column elementor-element elementor-element-a504e55\" data-id=\"a504e55\" data-element_type=\"column\" data-e-type=\"column\">\n\t\t\t<div class=\"elementor-widget-wrap\">\n\t\t\t\t\t\t\t<\/div>\n\t\t<\/div>\n\t\t\t\t<div class=\"elementor-column elementor-col-33 elementor-top-column elementor-element elementor-element-a76cd16\" data-id=\"a76cd16\" data-element_type=\"column\" data-e-type=\"column\">\n\t\t\t<div class=\"elementor-widget-wrap elementor-element-populated\">\n\t\t\t\t\t\t<div class=\"elementor-element elementor-element-846f301 elementor-widget elementor-widget-heading\" data-id=\"846f301\" data-element_type=\"widget\" data-e-type=\"widget\" data-widget_type=\"heading.default\">\n\t\t\t\t<div class=\"elementor-widget-container\">\n\t\t\t\t\t<h2 class=\"elementor-heading-title elementor-size-default\">Po\u00e9sie<\/h2>\t\t\t\t<\/div>\n\t\t\t\t<\/div>\n\t\t\t\t\t<\/div>\n\t\t<\/div>\n\t\t\t\t<div class=\"elementor-column elementor-col-33 elementor-top-column elementor-element elementor-element-a80bf14\" data-id=\"a80bf14\" data-element_type=\"column\" data-e-type=\"column\">\n\t\t\t<div class=\"elementor-widget-wrap\">\n\t\t\t\t\t\t\t<\/div>\n\t\t<\/div>\n\t\t\t\t\t<\/div>\n\t\t<\/section>\n\t\t\t\t<section class=\"elementor-section elementor-top-section elementor-element elementor-element-9346889 elementor-section-boxed elementor-section-height-default elementor-section-height-default\" data-id=\"9346889\" data-element_type=\"section\" data-e-type=\"section\">\n\t\t\t\t\t\t<div class=\"elementor-container elementor-column-gap-default\">\n\t\t\t\t\t<div class=\"elementor-column elementor-col-20 elementor-top-column elementor-element elementor-element-06646ca\" data-id=\"06646ca\" data-element_type=\"column\" data-e-type=\"column\">\n\t\t\t<div class=\"elementor-widget-wrap\">\n\t\t\t\t\t\t\t<\/div>\n\t\t<\/div>\n\t\t\t\t<div class=\"elementor-column elementor-col-20 elementor-top-column elementor-element elementor-element-1f04467\" data-id=\"1f04467\" data-element_type=\"column\" data-e-type=\"column\">\n\t\t\t<div class=\"elementor-widget-wrap elementor-element-populated\">\n\t\t\t\t\t\t<div class=\"elementor-element elementor-element-805d222 elementor-widget elementor-widget-image\" data-id=\"805d222\" data-element_type=\"widget\" data-e-type=\"widget\" data-widget_type=\"image.default\">\n\t\t\t\t<div class=\"elementor-widget-container\">\n\t\t\t\t\t\t\t\t\t\t\t\t<figure class=\"wp-caption\">\n\t\t\t\t\t\t\t\t\t\t\t<a href=\"https:\/\/lilyfraney.fr\/index.php\/amours-urbaines\/\">\n\t\t\t\t\t\t\t<img fetchpriority=\"high\" decoding=\"async\" width=\"800\" height=\"528\" src=\"https:\/\/lilyfraney.fr\/wp-content\/uploads\/2022\/01\/bas-noirs.jpg\" class=\"attachment-large size-large wp-image-762\" alt=\"\" srcset=\"https:\/\/lilyfraney.fr\/wp-content\/uploads\/2022\/01\/bas-noirs.jpg 1211w, https:\/\/lilyfraney.fr\/wp-content\/uploads\/2022\/01\/bas-noirs-450x297.jpg 450w, https:\/\/lilyfraney.fr\/wp-content\/uploads\/2022\/01\/bas-noirs-768x507.jpg 768w\" sizes=\"(max-width: 800px) 100vw, 800px\" \/>\t\t\t\t\t\t\t\t<\/a>\n\t\t\t\t\t\t\t\t\t\t\t<figcaption class=\"widget-image-caption wp-caption-text\">Tout Dire<\/figcaption>\n\t\t\t\t\t\t\t\t\t\t<\/figure>\n\t\t\t\t\t\t\t\t\t<\/div>\n\t\t\t\t<\/div>\n\t\t\t\t\t<\/div>\n\t\t<\/div>\n\t\t\t\t<div class=\"elementor-column elementor-col-20 elementor-top-column elementor-element elementor-element-80d015b\" data-id=\"80d015b\" data-element_type=\"column\" data-e-type=\"column\">\n\t\t\t<div class=\"elementor-widget-wrap elementor-element-populated\">\n\t\t\t\t\t\t<div class=\"elementor-element elementor-element-6d52973 elementor-widget elementor-widget-image\" data-id=\"6d52973\" data-element_type=\"widget\" data-e-type=\"widget\" data-widget_type=\"image.default\">\n\t\t\t\t<div class=\"elementor-widget-container\">\n\t\t\t\t\t\t\t\t\t\t\t\t<figure class=\"wp-caption\">\n\t\t\t\t\t\t\t\t\t\t\t<a href=\"https:\/\/lilyfraney.fr\/index.php\/ophelie\">\n\t\t\t\t\t\t\t<img decoding=\"async\" width=\"800\" height=\"521\" src=\"https:\/\/lilyfraney.fr\/wp-content\/uploads\/2022\/01\/Miroir-deau033RC-1536x1000.jpg\" class=\"attachment-large size-large wp-image-647\" alt=\"\" srcset=\"https:\/\/lilyfraney.fr\/wp-content\/uploads\/2022\/01\/Miroir-deau033RC-1536x1000.jpg 1536w, https:\/\/lilyfraney.fr\/wp-content\/uploads\/2022\/01\/Miroir-deau033RC-450x293.jpg 450w, https:\/\/lilyfraney.fr\/wp-content\/uploads\/2022\/01\/Miroir-deau033RC-768x500.jpg 768w, https:\/\/lilyfraney.fr\/wp-content\/uploads\/2022\/01\/Miroir-deau033RC-2048x1334.jpg 2048w\" sizes=\"(max-width: 800px) 100vw, 800px\" \/>\t\t\t\t\t\t\t\t<\/a>\n\t\t\t\t\t\t\t\t\t\t\t<figcaption class=\"widget-image-caption wp-caption-text\">Oph\u00e9lie<\/figcaption>\n\t\t\t\t\t\t\t\t\t\t<\/figure>\n\t\t\t\t\t\t\t\t\t<\/div>\n\t\t\t\t<\/div>\n\t\t\t\t\t<\/div>\n\t\t<\/div>\n\t\t\t\t<div class=\"elementor-column elementor-col-20 elementor-top-column elementor-element elementor-element-1cda223\" data-id=\"1cda223\" data-element_type=\"column\" data-e-type=\"column\">\n\t\t\t<div class=\"elementor-widget-wrap elementor-element-populated\">\n\t\t\t\t\t\t<div class=\"elementor-element elementor-element-91f32a3 elementor-widget elementor-widget-image\" data-id=\"91f32a3\" data-element_type=\"widget\" data-e-type=\"widget\" data-widget_type=\"image.default\">\n\t\t\t\t<div class=\"elementor-widget-container\">\n\t\t\t\t\t\t\t\t\t\t\t\t<figure class=\"wp-caption\">\n\t\t\t\t\t\t\t\t\t\t\t<a href=\"https:\/\/lilyfraney.fr\/index.php\/transfiguration-de-paris\/\">\n\t\t\t\t\t\t\t<img decoding=\"async\" width=\"800\" height=\"525\" src=\"https:\/\/lilyfraney.fr\/wp-content\/uploads\/2022\/01\/maqiuillage.jpg\" class=\"attachment-large size-large wp-image-714\" alt=\"\" srcset=\"https:\/\/lilyfraney.fr\/wp-content\/uploads\/2022\/01\/maqiuillage.jpg 1200w, https:\/\/lilyfraney.fr\/wp-content\/uploads\/2022\/01\/maqiuillage-450x295.jpg 450w, https:\/\/lilyfraney.fr\/wp-content\/uploads\/2022\/01\/maqiuillage-768x504.jpg 768w\" sizes=\"(max-width: 800px) 100vw, 800px\" \/>\t\t\t\t\t\t\t\t<\/a>\n\t\t\t\t\t\t\t\t\t\t\t<figcaption class=\"widget-image-caption wp-caption-text\">Transfiguration de Paris<\/figcaption>\n\t\t\t\t\t\t\t\t\t\t<\/figure>\n\t\t\t\t\t\t\t\t\t<\/div>\n\t\t\t\t<\/div>\n\t\t\t\t\t<\/div>\n\t\t<\/div>\n\t\t\t\t<div class=\"elementor-column elementor-col-20 elementor-top-column elementor-element elementor-element-8023d80\" data-id=\"8023d80\" data-element_type=\"column\" data-e-type=\"column\">\n\t\t\t<div class=\"elementor-widget-wrap\">\n\t\t\t\t\t\t\t<\/div>\n\t\t<\/div>\n\t\t\t\t\t<\/div>\n\t\t<\/section>\n\t\t\t\t<section class=\"elementor-section elementor-top-section elementor-element elementor-element-85d78f1 elementor-section-boxed elementor-section-height-default elementor-section-height-default\" data-id=\"85d78f1\" data-element_type=\"section\" data-e-type=\"section\">\n\t\t\t\t\t\t<div class=\"elementor-container elementor-column-gap-default\">\n\t\t\t\t\t<div class=\"elementor-column elementor-col-16 elementor-top-column elementor-element elementor-element-95acda8\" data-id=\"95acda8\" data-element_type=\"column\" data-e-type=\"column\">\n\t\t\t<div class=\"elementor-widget-wrap\">\n\t\t\t\t\t\t\t<\/div>\n\t\t<\/div>\n\t\t\t\t<div class=\"elementor-column elementor-col-16 elementor-top-column elementor-element elementor-element-c10f49b\" data-id=\"c10f49b\" data-element_type=\"column\" data-e-type=\"column\">\n\t\t\t<div class=\"elementor-widget-wrap elementor-element-populated\">\n\t\t\t\t\t\t<div class=\"elementor-element elementor-element-71ba3c5 elementor-widget elementor-widget-text-editor\" data-id=\"71ba3c5\" data-element_type=\"widget\" data-e-type=\"widget\" data-widget_type=\"text-editor.default\">\n\t\t\t\t<div class=\"elementor-widget-container\">\n\t\t\t\t\t\t\t\t\t<p>Ce que j\u2019aime dans la po\u00e9sie, c\u2019est qu\u2019elle a un pouvoir magique, elle m\u2019entra\u00eene vers des lieux inconnus, myst\u00e9rieux, imaginaires, o\u00f9 je puise mon inspiration, mes sentiments mes \u00e9motions.<\/p><p>Au travers d\u2019un mot, d\u2019une phrase, c\u2019est une sorte de voyage avec l\u2019auteur, une \u00e9vasion dans un univers de songe que je peux traduire en images avec ma sensibilit\u00e9.<\/p><p>Je m\u2019attache souvent aux po\u00e8mes qui parlent des femmes, allez savoir pourquoi ! Est-ce mon d\u00e9sir de dire ce que sont r\u00e9ellement les femmes sans rien falsifier ou dissimuler, ou tout simplement que je les trouve toutes belles \u2026 Nous sommes comme nous sommes et comme le dirait Pr\u00e9vert :<\/p>\t\t\t\t\t\t\t\t<\/div>\n\t\t\t\t<\/div>\n\t\t\t\t\t<\/div>\n\t\t<\/div>\n\t\t\t\t<div class=\"elementor-column elementor-col-16 elementor-top-column elementor-element elementor-element-37dd603\" data-id=\"37dd603\" data-element_type=\"column\" data-e-type=\"column\">\n\t\t\t<div class=\"elementor-widget-wrap\">\n\t\t\t\t\t\t\t<\/div>\n\t\t<\/div>\n\t\t\t\t<div class=\"elementor-column elementor-col-16 elementor-top-column elementor-element elementor-element-b210ad4\" data-id=\"b210ad4\" data-element_type=\"column\" data-e-type=\"column\">\n\t\t\t<div class=\"elementor-widget-wrap elementor-element-populated\">\n\t\t\t\t\t\t<div class=\"elementor-element elementor-element-7fe9e52 elementor-widget elementor-widget-text-editor\" data-id=\"7fe9e52\" data-element_type=\"widget\" data-e-type=\"widget\" data-widget_type=\"text-editor.default\">\n\t\t\t\t<div class=\"elementor-widget-container\">\n\t\t\t\t\t\t\t\t\t<p><strong><em>Je suis comme je suis<\/em><\/strong><br \/><em>Je suis faite comme \u00e7a<\/em><br \/><em>Quand j\u2019ai envie de rire<\/em><br \/><em>Oui je ris aux \u00e9clats<\/em><br \/><em>J\u2019aime celui qui m\u2019aime<\/em><br \/><em>Est-ce ma faute \u00e0 moi<\/em><br \/><em>Si ce n\u2019est pas le m\u00eame<\/em><br \/><em>Que j\u2019aime chaque fois<\/em><br \/><em>Je suis comme je suis<\/em><br \/><em>Je suis faite comme \u00e7a<\/em><br \/><em>Que voulez-vous de plus<\/em><br \/><em>Que voulez-vous de moi<br \/><\/em><em>Je suis faite pour plaire<\/em><br \/><em>Et n\u2019y puis rien changer<\/em><br \/><em>Mes talons sont trop hauts<\/em><br \/><em>Ma taille trop cambr\u00e9e<\/em><br \/><em>Je suis comme je suis,<\/em><\/p>\t\t\t\t\t\t\t\t<\/div>\n\t\t\t\t<\/div>\n\t\t\t\t\t<\/div>\n\t\t<\/div>\n\t\t\t\t<div class=\"elementor-column elementor-col-16 elementor-top-column elementor-element elementor-element-5ab42a6\" data-id=\"5ab42a6\" data-element_type=\"column\" data-e-type=\"column\">\n\t\t\t<div class=\"elementor-widget-wrap elementor-element-populated\">\n\t\t\t\t\t\t<div class=\"elementor-element elementor-element-64abfe8 elementor-widget elementor-widget-text-editor\" data-id=\"64abfe8\" data-element_type=\"widget\" data-e-type=\"widget\" data-widget_type=\"text-editor.default\">\n\t\t\t\t<div class=\"elementor-widget-container\">\n\t\t\t\t\t\t\t\t\t<p><em>Mes seins beaucoup trop durs,<br \/>Et mes yeux trop cern\u00e9s<\/em><br \/><em>Et puis apr\u00e8s<\/em><br \/><em>Qu\u2019est-ce que \u00e7a peut vous faire<\/em><br \/><em>Je suis comme je suis<\/em><br \/><em>Je plais \u00e0 qui je plais<\/em><br \/><em>Ce qui m\u2019est arriv\u00e9<\/em><br \/><em>Oui j\u2019ai aim\u00e9 quelqu\u2019un<\/em><br \/><em>Oui quelqu\u2019un m\u2019a aim\u00e9e<\/em><br \/><em>Comme les enfants qui s\u2019aiment<\/em><br \/><em>Simplement savent aimer<\/em><br \/><em>Aimer aimer\u2026<\/em><br \/><em>Pourquoi me questionner<\/em><br \/><em>Je suis l\u00e0 pour vous plaire<\/em><br \/><em>Et n\u2019y puis rien changer.<\/em><br \/><strong><em><br \/>\u00a0\u00a0\u00a0\u00a0\u00a0\u00a0\u00a0\u00a0\u00a0\u00a0\u00a0\u00a0\u00a0\u00a0 Jacques Pr\u00e9vert<\/em><\/strong><\/p>\t\t\t\t\t\t\t\t<\/div>\n\t\t\t\t<\/div>\n\t\t\t\t\t<\/div>\n\t\t<\/div>\n\t\t\t\t<div class=\"elementor-column elementor-col-16 elementor-top-column elementor-element elementor-element-3ccffa1\" data-id=\"3ccffa1\" data-element_type=\"column\" data-e-type=\"column\">\n\t\t\t<div class=\"elementor-widget-wrap\">\n\t\t\t\t\t\t\t<\/div>\n\t\t<\/div>\n\t\t\t\t\t<\/div>\n\t\t<\/section>\n\t\t\t\t<\/div>\n\t\t","protected":false},"excerpt":{"rendered":"<p>Po\u00e9sie Tout Dire Oph\u00e9lie Transfiguration de Paris Ce que j\u2019aime dans la po\u00e9sie, c\u2019est qu\u2019elle a un pouvoir magique, elle m\u2019entra\u00eene vers des lieux inconnus, myst\u00e9rieux, imaginaires, o\u00f9 je puise mon inspiration, mes sentiments mes \u00e9motions. Au travers d\u2019un mot, d\u2019une phrase, c\u2019est une sorte de voyage avec l\u2019auteur, une \u00e9vasion dans un univers de [&hellip;]<\/p>\n","protected":false},"author":1,"featured_media":0,"parent":0,"menu_order":0,"comment_status":"closed","ping_status":"closed","template":"","meta":{"footnotes":""},"class_list":["post-712","page","type-page","status-publish","hentry"],"_links":{"self":[{"href":"https:\/\/lilyfraney.fr\/index.php\/wp-json\/wp\/v2\/pages\/712","targetHints":{"allow":["GET"]}}],"collection":[{"href":"https:\/\/lilyfraney.fr\/index.php\/wp-json\/wp\/v2\/pages"}],"about":[{"href":"https:\/\/lilyfraney.fr\/index.php\/wp-json\/wp\/v2\/types\/page"}],"author":[{"embeddable":true,"href":"https:\/\/lilyfraney.fr\/index.php\/wp-json\/wp\/v2\/users\/1"}],"replies":[{"embeddable":true,"href":"https:\/\/lilyfraney.fr\/index.php\/wp-json\/wp\/v2\/comments?post=712"}],"version-history":[{"count":169,"href":"https:\/\/lilyfraney.fr\/index.php\/wp-json\/wp\/v2\/pages\/712\/revisions"}],"predecessor-version":[{"id":3308,"href":"https:\/\/lilyfraney.fr\/index.php\/wp-json\/wp\/v2\/pages\/712\/revisions\/3308"}],"wp:attachment":[{"href":"https:\/\/lilyfraney.fr\/index.php\/wp-json\/wp\/v2\/media?parent=712"}],"curies":[{"name":"wp","href":"https:\/\/api.w.org\/{rel}","templated":true}]}}